{"id":97,"date":"2018-02-20T12:37:03","date_gmt":"2018-02-20T10:37:03","guid":{"rendered":"http:\/\/www.avukatlik-burosu.com\/?page_id=97"},"modified":"2018-02-23T07:42:52","modified_gmt":"2018-02-23T05:42:52","slug":"av-ecem-celtikci-capar","status":"publish","type":"page","link":"http:\/\/www.avukatlik-burosu.com\/tr\/av-ecem-celtikci-capar\/","title":{"rendered":"Av. Ecem \u00c7eltikci \u00c7apar"},"content":{"rendered":"<p>1989 Ankara do\u011fumlu olan Av. Ecem \u00c7apar, 2006 y\u0131l\u0131nda Ankara \u00d6zel Tevfik Fikret Lisesi\u2019nden, 2011 y\u0131l\u0131nda ise Bilkent \u00dcniversitesi Hukuk Fak\u00fcltesi\u2019nden mezun olmu\u015ftur. Rekabet Kurumu, Sermaye Piyasas\u0131 Kurulu b\u00fcnyelerinde de staj yapma f\u0131rsat\u0131n\u0131 elde eden \u00c7apar, 2011 y\u0131l\u0131nda Kuntalp-Arkan-Pekg\u00fc\u00e7l\u00fc Ortak Avukatl\u0131k B\u00fcrosunda staj\u0131n\u0131 tamamlayarak, 2012 y\u0131l\u0131nda b\u00fcromuz b\u00fcnyesine kat\u0131lm\u0131\u015ft\u0131r. \u00c7apar, ayn\u0131 zamanda, Ankara \u00dcniversitesi Sosyal Bilimler Enstit\u00fcs\u00fc Medeni Hukuk alan\u0131nda y\u00fcksek lisans\u0131na devam etmektedir. Av. Ecem \u00c7apar, \u0130ngilizce ve Frans\u0131zca bilmektedir.<\/p>\n<p><img loading=\"lazy\" decoding=\"async\" class=\"alignnone wp-image-287\" src=\"http:\/\/www.avukatlik-burosu.com\/wp-content\/uploads\/emailIcon-150x150.png\" alt=\"\" width=\"25\" height=\"25\" srcset=\"http:\/\/www.avukatlik-burosu.com\/wp-content\/uploads\/emailIcon-150x150.png 150w, http:\/\/www.avukatlik-burosu.com\/wp-content\/uploads\/emailIcon-80x80.png 80w, http:\/\/www.avukatlik-burosu.com\/wp-content\/uploads\/emailIcon.png 200w\" sizes=\"(max-width: 25px) 100vw, 25px\" \/>\u00a0 <a href=\"mailto:ecem@avukatlik-burosu.com\">ecem@avukatlik-burosu.com<\/a><\/p>","protected":false},"excerpt":{"rendered":"<p>1989 Ankara do\u011fumlu olan Av. Ecem \u00c7apar, 2006 y\u0131l\u0131nda Ankara \u00d6zel Tevfik Fikret Lisesi\u2019nden, 2011 y\u0131l\u0131nda ise Bilkent \u00dcniversitesi Hukuk Fak\u00fcltesi\u2019nden mezun olmu\u015ftur. Rekabet Kurumu, Sermaye Piyasas\u0131 Kurulu b\u00fcnyelerinde de staj yapma f\u0131rsat\u0131n\u0131 elde eden \u00c7apar, 2011 y\u0131l\u0131nda Kuntalp-Arkan-Pekg\u00fc\u00e7l\u00fc Ortak Avukatl\u0131k B\u00fcrosunda staj\u0131n\u0131 tamamlayarak, 2012 <span class=\"more-button\"><a class=\"button-minimal\" href=\"http:\/\/www.avukatlik-burosu.com\/tr\/av-ecem-celtikci-capar\/\">Read More &#8230; <\/a><\/span><\/p>\n","protected":false},"author":2,"featured_media":133,"parent":0,"menu_order":0,"comment_status":"closed","ping_status":"closed","template":"","meta":{"footnotes":""},"_links":{"self":[{"href":"http:\/\/www.avukatlik-burosu.com\/tr\/wp-json\/wp\/v2\/pages\/97"}],"collection":[{"href":"http:\/\/www.avukatlik-burosu.com\/tr\/wp-json\/wp\/v2\/pages"}],"about":[{"href":"http:\/\/www.avukatlik-burosu.com\/tr\/wp-json\/wp\/v2\/types\/page"}],"author":[{"embeddable":true,"href":"http:\/\/www.avukatlik-burosu.com\/tr\/wp-json\/wp\/v2\/users\/2"}],"replies":[{"embeddable":true,"href":"http:\/\/www.avukatlik-burosu.com\/tr\/wp-json\/wp\/v2\/comments?post=97"}],"version-history":[{"count":5,"href":"http:\/\/www.avukatlik-burosu.com\/tr\/wp-json\/wp\/v2\/pages\/97\/revisions"}],"predecessor-version":[{"id":303,"href":"http:\/\/www.avukatlik-burosu.com\/tr\/wp-json\/wp\/v2\/pages\/97\/revisions\/303"}],"wp:featuredmedia":[{"embeddable":true,"href":"http:\/\/www.avukatlik-burosu.com\/tr\/wp-json\/wp\/v2\/media\/133"}],"wp:attachment":[{"href":"http:\/\/www.avukatlik-burosu.com\/tr\/wp-json\/wp\/v2\/media?parent=97"}],"curies":[{"name":"wp","href":"https:\/\/api.w.org\/{rel}","templated":true}]}}