{"id":95,"date":"2018-02-20T12:36:19","date_gmt":"2018-02-20T09:36:19","guid":{"rendered":"http:\/\/www.avukatlik-burosu.com\/?page_id=95"},"modified":"2024-02-14T16:31:16","modified_gmt":"2024-02-14T13:31:16","slug":"av-arda-ozen","status":"publish","type":"page","link":"http:\/\/www.avukatlik-burosu.com\/tr\/av-arda-ozen\/","title":{"rendered":"Arb. Av. Arda \u00d6zen, LLM"},"content":{"rendered":"<p>1984 Ankara do\u011fumlu olan Arda \u00d6zen, 2002 Ankara Atat\u00fcrk Lisesinden 2007 y\u0131l\u0131nda da Ba\u015fkent \u00dcniversitesi Hukuk Fak\u00fcltesinden mezun oldu. 2008 y\u0131l\u0131nda \u00d6zen &amp; \u00c7eltikci Avukatl\u0131k B\u00fcrosunda staj\u0131n\u0131 tamamlayarak Avukatl\u0131\u011fa ba\u015flad\u0131. Ayn\u0131 zamanda Ankara \u00dcniversitesi Sosyal Bilimler Enstit\u00fcs\u00fc Ticaret Hukuku Anabilim Dal\u0131 Y\u00fcksek Lisans Program\u0131ndaki e\u011fitimini (tez konusu &#8220;\u015eirket Birle\u015fmelerinde Alacakl\u0131lar\u0131n Korunmas\u0131&#8221;) 2010 y\u0131l\u0131nda tamamlayan ve Patent Enstit\u00fcs\u00fc Marka ve Patent Vekilli\u011fi Sertifikas\u0131na ve sigorta hakemi yetkisine de\u00a0 sahip olan Av.Arda \u00d6zen \u0130ngilizce bilmektedir.<\/p>\n<p><img loading=\"lazy\" decoding=\"async\" class=\"alignnone wp-image-287\" src=\"http:\/\/www.avukatlik-burosu.com\/wp-content\/uploads\/emailIcon-150x150.png\" alt=\"\" width=\"25\" height=\"25\" srcset=\"http:\/\/www.avukatlik-burosu.com\/wp-content\/uploads\/emailIcon-150x150.png 150w, http:\/\/www.avukatlik-burosu.com\/wp-content\/uploads\/emailIcon-80x80.png 80w, http:\/\/www.avukatlik-burosu.com\/wp-content\/uploads\/emailIcon.png 200w\" sizes=\"(max-width: 25px) 100vw, 25px\" \/>\u00a0\u00a0<a href=\"mailto:arda@avukatlik-burosu.com\">arda@avukatlik-burosu.com<\/a><\/p>","protected":false},"excerpt":{"rendered":"<p>1984 Ankara do\u011fumlu olan Arda \u00d6zen, 2002 Ankara Atat\u00fcrk Lisesinden 2007 y\u0131l\u0131nda da Ba\u015fkent \u00dcniversitesi Hukuk Fak\u00fcltesinden mezun oldu. 2008 y\u0131l\u0131nda \u00d6zen &amp; \u00c7eltikci Avukatl\u0131k B\u00fcrosunda staj\u0131n\u0131 tamamlayarak Avukatl\u0131\u011fa ba\u015flad\u0131. Ayn\u0131 zamanda Ankara \u00dcniversitesi Sosyal Bilimler Enstit\u00fcs\u00fc Ticaret Hukuku Anabilim Dal\u0131 Y\u00fcksek Lisans Program\u0131ndaki e\u011fitimini <span class=\"more-button\"><a class=\"button-minimal\" href=\"http:\/\/www.avukatlik-burosu.com\/tr\/av-arda-ozen\/\">Read More &#8230; <\/a><\/span><\/p>\n","protected":false},"author":2,"featured_media":131,"parent":0,"menu_order":0,"comment_status":"closed","ping_status":"closed","template":"","meta":{"footnotes":""},"_links":{"self":[{"href":"http:\/\/www.avukatlik-burosu.com\/tr\/wp-json\/wp\/v2\/pages\/95"}],"collection":[{"href":"http:\/\/www.avukatlik-burosu.com\/tr\/wp-json\/wp\/v2\/pages"}],"about":[{"href":"http:\/\/www.avukatlik-burosu.com\/tr\/wp-json\/wp\/v2\/types\/page"}],"author":[{"embeddable":true,"href":"http:\/\/www.avukatlik-burosu.com\/tr\/wp-json\/wp\/v2\/users\/2"}],"replies":[{"embeddable":true,"href":"http:\/\/www.avukatlik-burosu.com\/tr\/wp-json\/wp\/v2\/comments?post=95"}],"version-history":[{"count":14,"href":"http:\/\/www.avukatlik-burosu.com\/tr\/wp-json\/wp\/v2\/pages\/95\/revisions"}],"predecessor-version":[{"id":354,"href":"http:\/\/www.avukatlik-burosu.com\/tr\/wp-json\/wp\/v2\/pages\/95\/revisions\/354"}],"wp:featuredmedia":[{"embeddable":true,"href":"http:\/\/www.avukatlik-burosu.com\/tr\/wp-json\/wp\/v2\/media\/131"}],"wp:attachment":[{"href":"http:\/\/www.avukatlik-burosu.com\/tr\/wp-json\/wp\/v2\/media?parent=95"}],"curies":[{"name":"wp","href":"https:\/\/api.w.org\/{rel}","templated":true}]}}