{"id":89,"date":"2018-02-20T12:35:37","date_gmt":"2018-02-20T09:35:37","guid":{"rendered":"http:\/\/www.avukatlik-burosu.com\/?page_id=89"},"modified":"2024-02-14T14:28:45","modified_gmt":"2024-02-14T11:28:45","slug":"av-umran-eker","status":"publish","type":"page","link":"http:\/\/www.avukatlik-burosu.com\/tr\/av-umran-eker\/","title":{"rendered":"Arb. Av. \u00dcmran Eker"},"content":{"rendered":"<p>1979 K\u00fctahya do\u011fumlu olan Eker, 1994 de Ke\u00e7i\u00f6ren End\u00fcstri Meslek Lisesi\u00a0 Elektronik B\u00f6l\u00fcm\u00fc\u2019nden ve 1997 y\u0131l\u0131nda\u00a0 da Yenimahalle Teknik Lisesi\u00a0 Bilgisayar Yaz\u0131l\u0131m\u0131 B\u00f6l\u00fcm\u00fc\u2019nden mezun oldu. 1999 y\u0131l\u0131nda Ankara \u00dcniversitesi Adalet Y\u00fcksek Okulu\u2019nu bitirdikten sonra y\u00fcksek \u00f6\u011frenimine devam etti ve 2003 y\u0131l\u0131nda Anadolu \u00dcniversitesi Hukuk Fak\u00fcltesi\u2019nden mezun oldu. 2004 y\u0131l\u0131nda staj\u0131n\u0131 \u00d6zen &amp; \u00c7eltikci Avukatl\u0131k B\u00fcrosu\u2019nda tamamlayarak Ankara Barosu\u2019nda avukatl\u0131\u011fa ba\u015flad\u0131. S\u0131ras\u0131yla Ankara\u2019da Af\u015far Hukuk B\u00fcrosu (2004-2005), Utku Hukuk B\u00fcrosu(2005-2006) ve Egem Hukuk B\u00fcrosu\u2019nda (2006-2008) hizmet verdikten sonra 2008 \u015eubat ay\u0131ndan bu yana \u00d6zen &amp; \u00c7eltikci Hukuk B\u00fcrosu\u2019nda avukatl\u0131\u011f\u0131n\u0131 s\u00fcrd\u00fcrmektedir. E\u011fitimi yan\u0131 s\u0131ra Ziraat Bankas\u0131 Bilgi \u0130\u015flem Merkezi\u2019nde stajyer programc\u0131l\u0131k yapan Eker, mesleki \u00e7al\u0131\u015fmalar\u0131 s\u0131ras\u0131nda da Ankara Barosu\u2019nun Rekabet Hukuku, Ceza Muhakemeleri Hukuku Sertifika Programlar\u0131 ile Banka ve Ticaret Hukuku Ara\u015ft\u0131rma Enstit\u00fcs\u00fc Ticaret Hukuku Sertifika Programlar\u0131\u2019n\u0131 da ba\u015far\u0131 ile tamamlam\u0131\u015ft\u0131r. Av.\u00dcmran Eker \u0130ngilizce bilmektedir.<\/p>\n<p><img loading=\"lazy\" decoding=\"async\" class=\"alignnone wp-image-287\" src=\"http:\/\/www.avukatlik-burosu.com\/wp-content\/uploads\/emailIcon-150x150.png\" alt=\"\" width=\"25\" height=\"25\" srcset=\"http:\/\/www.avukatlik-burosu.com\/wp-content\/uploads\/emailIcon-150x150.png 150w, http:\/\/www.avukatlik-burosu.com\/wp-content\/uploads\/emailIcon-80x80.png 80w, http:\/\/www.avukatlik-burosu.com\/wp-content\/uploads\/emailIcon.png 200w\" sizes=\"(max-width: 25px) 100vw, 25px\" \/>\u00a0 <a href=\"mailto:umran@avukatlik-burosu.com\">umran@avukatlik-burosu.com<\/a><\/p>","protected":false},"excerpt":{"rendered":"<p>1979 K\u00fctahya do\u011fumlu olan Eker, 1994 de Ke\u00e7i\u00f6ren End\u00fcstri Meslek Lisesi\u00a0 Elektronik B\u00f6l\u00fcm\u00fc\u2019nden ve 1997 y\u0131l\u0131nda\u00a0 da Yenimahalle Teknik Lisesi\u00a0 Bilgisayar Yaz\u0131l\u0131m\u0131 B\u00f6l\u00fcm\u00fc\u2019nden mezun oldu. 1999 y\u0131l\u0131nda Ankara \u00dcniversitesi Adalet Y\u00fcksek Okulu\u2019nu bitirdikten sonra y\u00fcksek \u00f6\u011frenimine devam etti ve 2003 y\u0131l\u0131nda Anadolu \u00dcniversitesi Hukuk Fak\u00fcltesi\u2019nden <span class=\"more-button\"><a class=\"button-minimal\" href=\"http:\/\/www.avukatlik-burosu.com\/tr\/av-umran-eker\/\">Read More &#8230; <\/a><\/span><\/p>\n","protected":false},"author":2,"featured_media":139,"parent":0,"menu_order":0,"comment_status":"closed","ping_status":"closed","template":"","meta":{"footnotes":""},"_links":{"self":[{"href":"http:\/\/www.avukatlik-burosu.com\/tr\/wp-json\/wp\/v2\/pages\/89"}],"collection":[{"href":"http:\/\/www.avukatlik-burosu.com\/tr\/wp-json\/wp\/v2\/pages"}],"about":[{"href":"http:\/\/www.avukatlik-burosu.com\/tr\/wp-json\/wp\/v2\/types\/page"}],"author":[{"embeddable":true,"href":"http:\/\/www.avukatlik-burosu.com\/tr\/wp-json\/wp\/v2\/users\/2"}],"replies":[{"embeddable":true,"href":"http:\/\/www.avukatlik-burosu.com\/tr\/wp-json\/wp\/v2\/comments?post=89"}],"version-history":[{"count":7,"href":"http:\/\/www.avukatlik-burosu.com\/tr\/wp-json\/wp\/v2\/pages\/89\/revisions"}],"predecessor-version":[{"id":334,"href":"http:\/\/www.avukatlik-burosu.com\/tr\/wp-json\/wp\/v2\/pages\/89\/revisions\/334"}],"wp:featuredmedia":[{"embeddable":true,"href":"http:\/\/www.avukatlik-burosu.com\/tr\/wp-json\/wp\/v2\/media\/139"}],"wp:attachment":[{"href":"http:\/\/www.avukatlik-burosu.com\/tr\/wp-json\/wp\/v2\/media?parent=89"}],"curies":[{"name":"wp","href":"https:\/\/api.w.org\/{rel}","templated":true}]}}