{"id":73,"date":"2018-02-20T12:13:11","date_gmt":"2018-02-20T10:13:11","guid":{"rendered":"http:\/\/www.avukatlik-burosu.com\/?page_id=73"},"modified":"2018-02-23T07:43:21","modified_gmt":"2018-02-23T05:43:21","slug":"nejat-ozen","status":"publish","type":"page","link":"http:\/\/www.avukatlik-burosu.com\/tr\/nejat-ozen\/","title":{"rendered":"Av. Halim Nejat \u00d6zen"},"content":{"rendered":"<p>1954 \u0130stanbul do\u011fumlu olan \u00d6zen, ilk\u00f6\u011frenimini Galatasaray Lisesi\u2019nde, orta\u00f6\u011frenim ve lise \u00f6\u011frenimini Tevfik Fikret Lisesi\u2019nde tamamlam\u0131\u015ft\u0131r. 1978\u00a0 y\u0131l\u0131nda Ankara \u00dcniversitesi Hukuk Fak\u00fcltesi\u2019nden mezun olmu\u015f ve 1979 y\u0131l\u0131ndan bu yana Ankara\u2019da\u00a0 orta\u011f\u0131 oldu\u011fu \u00d6zen &amp; \u00c7eltikci Avukatl\u0131k B\u00fcrosu\u2019nda serbest avukatl\u0131k yapmaktad\u0131r. \u00d6zen, Frans\u0131zca bilmektedir.<\/p>\n<p><img loading=\"lazy\" decoding=\"async\" class=\"alignnone wp-image-287\" src=\"http:\/\/www.avukatlik-burosu.com\/wp-content\/uploads\/emailIcon-150x150.png\" alt=\"\" width=\"25\" height=\"25\" srcset=\"http:\/\/www.avukatlik-burosu.com\/wp-content\/uploads\/emailIcon-150x150.png 150w, http:\/\/www.avukatlik-burosu.com\/wp-content\/uploads\/emailIcon-80x80.png 80w, http:\/\/www.avukatlik-burosu.com\/wp-content\/uploads\/emailIcon.png 200w\" sizes=\"(max-width: 25px) 100vw, 25px\" \/>\u00a0 <a href=\"mailto:nejat@avukatlik-burosu.com\">nejat@avukatlik-burosu.com<\/a><\/p>","protected":false},"excerpt":{"rendered":"<p>1954 \u0130stanbul do\u011fumlu olan \u00d6zen, ilk\u00f6\u011frenimini Galatasaray Lisesi\u2019nde, orta\u00f6\u011frenim ve lise \u00f6\u011frenimini Tevfik Fikret Lisesi\u2019nde tamamlam\u0131\u015ft\u0131r. 1978\u00a0 y\u0131l\u0131nda Ankara \u00dcniversitesi Hukuk Fak\u00fcltesi\u2019nden mezun olmu\u015f ve 1979 y\u0131l\u0131ndan bu yana Ankara\u2019da\u00a0 orta\u011f\u0131 oldu\u011fu \u00d6zen &amp; \u00c7eltikci Avukatl\u0131k B\u00fcrosu\u2019nda serbest avukatl\u0131k yapmaktad\u0131r. \u00d6zen, Frans\u0131zca bilmektedir. \u00a0 nejat@avukatlik-burosu.com<\/p>\n","protected":false},"author":2,"featured_media":148,"parent":0,"menu_order":0,"comment_status":"closed","ping_status":"closed","template":"","meta":{"footnotes":""},"_links":{"self":[{"href":"http:\/\/www.avukatlik-burosu.com\/tr\/wp-json\/wp\/v2\/pages\/73"}],"collection":[{"href":"http:\/\/www.avukatlik-burosu.com\/tr\/wp-json\/wp\/v2\/pages"}],"about":[{"href":"http:\/\/www.avukatlik-burosu.com\/tr\/wp-json\/wp\/v2\/types\/page"}],"author":[{"embeddable":true,"href":"http:\/\/www.avukatlik-burosu.com\/tr\/wp-json\/wp\/v2\/users\/2"}],"replies":[{"embeddable":true,"href":"http:\/\/www.avukatlik-burosu.com\/tr\/wp-json\/wp\/v2\/comments?post=73"}],"version-history":[{"count":10,"href":"http:\/\/www.avukatlik-burosu.com\/tr\/wp-json\/wp\/v2\/pages\/73\/revisions"}],"predecessor-version":[{"id":304,"href":"http:\/\/www.avukatlik-burosu.com\/tr\/wp-json\/wp\/v2\/pages\/73\/revisions\/304"}],"wp:featuredmedia":[{"embeddable":true,"href":"http:\/\/www.avukatlik-burosu.com\/tr\/wp-json\/wp\/v2\/media\/148"}],"wp:attachment":[{"href":"http:\/\/www.avukatlik-burosu.com\/tr\/wp-json\/wp\/v2\/media?parent=73"}],"curies":[{"name":"wp","href":"https:\/\/api.w.org\/{rel}","templated":true}]}}