{"id":68,"date":"2018-02-20T12:00:04","date_gmt":"2018-02-20T10:00:04","guid":{"rendered":"http:\/\/www.avukatlik-burosu.com\/?page_id=68"},"modified":"2018-02-23T07:44:27","modified_gmt":"2018-02-23T05:44:27","slug":"refik-celtikci","status":"publish","type":"page","link":"http:\/\/www.avukatlik-burosu.com\/tr\/refik-celtikci\/","title":{"rendered":"Av. Osman Refik \u00c7eltikci"},"content":{"rendered":"<p>1956 Ankara do\u011fumlu olan \u00c7eltikci, orta \u00f6\u011frenimini Galatasaray Lisesi\u2019nde, lise \u00f6\u011frenimini de Ankara Atat\u00fcrk Lisesi\u2019nde tamamlam\u0131\u015ft\u0131r. 1978 y\u0131l\u0131nda Ankara \u00dcniversitesi Hukuk Fak\u00fcltesi\u2019nden mezun olmu\u015f ve 1979 y\u0131l\u0131ndan bu yana Ankara\u2019da orta\u011f\u0131 oldu\u011fu \u00d6zen &amp; \u00c7eltikci Avukatl\u0131k B\u00fcrosu\u2019nda serbest avukatl\u0131k yapmaktad\u0131r. Mesle\u011finin yan\u0131 s\u0131ra 1996 y\u0131l\u0131ndan beri Tevfik Fikret \u00d6\u011frenim Derne\u011fi ve Tevfik Fikret E\u011fitim Vakf\u0131 y\u00f6netim kurulunda hizmet veren \u00c7eltikci, \u0130ngilizce ve Frans\u0131zca bilmektedir.<\/p>\n<p><img loading=\"lazy\" decoding=\"async\" class=\"alignnone wp-image-287\" src=\"http:\/\/www.avukatlik-burosu.com\/wp-content\/uploads\/emailIcon-150x150.png\" alt=\"\" width=\"25\" height=\"25\" srcset=\"http:\/\/www.avukatlik-burosu.com\/wp-content\/uploads\/emailIcon-150x150.png 150w, http:\/\/www.avukatlik-burosu.com\/wp-content\/uploads\/emailIcon-80x80.png 80w, http:\/\/www.avukatlik-burosu.com\/wp-content\/uploads\/emailIcon.png 200w\" sizes=\"(max-width: 25px) 100vw, 25px\" \/>\u00a0\u00a0<a href=\"mailto:refik@avukatlik-burosu.com\">refik@avukatlik-burosu.com<\/a><\/p>","protected":false},"excerpt":{"rendered":"<p>1956 Ankara do\u011fumlu olan \u00c7eltikci, orta \u00f6\u011frenimini Galatasaray Lisesi\u2019nde, lise \u00f6\u011frenimini de Ankara Atat\u00fcrk Lisesi\u2019nde tamamlam\u0131\u015ft\u0131r. 1978 y\u0131l\u0131nda Ankara \u00dcniversitesi Hukuk Fak\u00fcltesi\u2019nden mezun olmu\u015f ve 1979 y\u0131l\u0131ndan bu yana Ankara\u2019da orta\u011f\u0131 oldu\u011fu \u00d6zen &amp; \u00c7eltikci Avukatl\u0131k B\u00fcrosu\u2019nda serbest avukatl\u0131k yapmaktad\u0131r. Mesle\u011finin yan\u0131 s\u0131ra 1996 y\u0131l\u0131ndan <span class=\"more-button\"><a class=\"button-minimal\" href=\"http:\/\/www.avukatlik-burosu.com\/tr\/refik-celtikci\/\">Read More &#8230; <\/a><\/span><\/p>\n","protected":false},"author":2,"featured_media":149,"parent":0,"menu_order":0,"comment_status":"closed","ping_status":"closed","template":"","meta":{"footnotes":""},"_links":{"self":[{"href":"http:\/\/www.avukatlik-burosu.com\/tr\/wp-json\/wp\/v2\/pages\/68"}],"collection":[{"href":"http:\/\/www.avukatlik-burosu.com\/tr\/wp-json\/wp\/v2\/pages"}],"about":[{"href":"http:\/\/www.avukatlik-burosu.com\/tr\/wp-json\/wp\/v2\/types\/page"}],"author":[{"embeddable":true,"href":"http:\/\/www.avukatlik-burosu.com\/tr\/wp-json\/wp\/v2\/users\/2"}],"replies":[{"embeddable":true,"href":"http:\/\/www.avukatlik-burosu.com\/tr\/wp-json\/wp\/v2\/comments?post=68"}],"version-history":[{"count":9,"href":"http:\/\/www.avukatlik-burosu.com\/tr\/wp-json\/wp\/v2\/pages\/68\/revisions"}],"predecessor-version":[{"id":306,"href":"http:\/\/www.avukatlik-burosu.com\/tr\/wp-json\/wp\/v2\/pages\/68\/revisions\/306"}],"wp:featuredmedia":[{"embeddable":true,"href":"http:\/\/www.avukatlik-burosu.com\/tr\/wp-json\/wp\/v2\/media\/149"}],"wp:attachment":[{"href":"http:\/\/www.avukatlik-burosu.com\/tr\/wp-json\/wp\/v2\/media?parent=68"}],"curies":[{"name":"wp","href":"https:\/\/api.w.org\/{rel}","templated":true}]}}