{"id":360,"date":"2024-02-14T16:40:02","date_gmt":"2024-02-14T13:40:02","guid":{"rendered":"http:\/\/www.avukatlik-burosu.com\/?page_id=360"},"modified":"2024-02-19T10:15:00","modified_gmt":"2024-02-19T07:15:00","slug":"av-ismail-bugra-ozek","status":"publish","type":"page","link":"http:\/\/www.avukatlik-burosu.com\/tr\/av-ismail-bugra-ozek\/","title":{"rendered":"Av. \u0130smail Bu\u011fra \u00d6zek"},"content":{"rendered":"<p>2000 \u0130zmir do\u011fumlu olan Av. \u0130. Bu\u011fra \u00d6zek, 2022 y\u0131l\u0131nda Akdeniz \u00dcniversitesi Hukuk Fak\u00fcltesi&#8217;nden mezun olmu\u015ftur.  2023 y\u0131l\u0131nda \u00d6zen&amp;\u00c7eltikci Avukatl\u0131k B\u00fcrosu&#8217;nda staj\u0131n\u0131 tamamlayarak ekibimize kat\u0131lm\u0131\u015ft\u0131r. \u00d6zek 2024 y\u0131l\u0131nda ba\u015flad\u0131\u011f\u0131 Ankara \u00dcniversitesi Sosyal Bilimler Enstit\u00fcs\u00fc&#8217;nden y\u00fcksek lisans \u00e7al\u0131\u015fmalar\u0131na devam etmektedir. \u00d6zek, \u0130ngilizce bilmektedir. <\/p>\n\n\n\n<p><img loading=\"lazy\" decoding=\"async\" width=\"25\" height=\"25\" src=\"http:\/\/www.avukatlik-burosu.com\/wp-content\/uploads\/emailIcon-150x150.png\" alt=\"\">\u00a0 <a href=\"mailto:bugra@avukatlik-burosu.com\">bugra@avukatlik-burosu.com<\/a><\/p>\n\n\n\n<p><\/p>","protected":false},"excerpt":{"rendered":"<p>2000 \u0130zmir do\u011fumlu olan Av. \u0130. Bu\u011fra \u00d6zek, 2022 y\u0131l\u0131nda Akdeniz \u00dcniversitesi Hukuk Fak\u00fcltesi&#8217;nden mezun olmu\u015ftur. 2023 y\u0131l\u0131nda \u00d6zen&amp;\u00c7eltikci Avukatl\u0131k B\u00fcrosu&#8217;nda staj\u0131n\u0131 tamamlayarak ekibimize kat\u0131lm\u0131\u015ft\u0131r. \u00d6zek 2024 y\u0131l\u0131nda ba\u015flad\u0131\u011f\u0131 Ankara \u00dcniversitesi Sosyal Bilimler Enstit\u00fcs\u00fc&#8217;nden y\u00fcksek lisans \u00e7al\u0131\u015fmalar\u0131na devam etmektedir. \u00d6zek, \u0130ngilizce bilmektedir. \u00a0 bugra@avukatlik-burosu.com<\/p>\n","protected":false},"author":2,"featured_media":391,"parent":0,"menu_order":0,"comment_status":"closed","ping_status":"closed","template":"","meta":{"footnotes":""},"_links":{"self":[{"href":"http:\/\/www.avukatlik-burosu.com\/tr\/wp-json\/wp\/v2\/pages\/360"}],"collection":[{"href":"http:\/\/www.avukatlik-burosu.com\/tr\/wp-json\/wp\/v2\/pages"}],"about":[{"href":"http:\/\/www.avukatlik-burosu.com\/tr\/wp-json\/wp\/v2\/types\/page"}],"author":[{"embeddable":true,"href":"http:\/\/www.avukatlik-burosu.com\/tr\/wp-json\/wp\/v2\/users\/2"}],"replies":[{"embeddable":true,"href":"http:\/\/www.avukatlik-burosu.com\/tr\/wp-json\/wp\/v2\/comments?post=360"}],"version-history":[{"count":2,"href":"http:\/\/www.avukatlik-burosu.com\/tr\/wp-json\/wp\/v2\/pages\/360\/revisions"}],"predecessor-version":[{"id":364,"href":"http:\/\/www.avukatlik-burosu.com\/tr\/wp-json\/wp\/v2\/pages\/360\/revisions\/364"}],"wp:featuredmedia":[{"embeddable":true,"href":"http:\/\/www.avukatlik-burosu.com\/tr\/wp-json\/wp\/v2\/media\/391"}],"wp:attachment":[{"href":"http:\/\/www.avukatlik-burosu.com\/tr\/wp-json\/wp\/v2\/media?parent=360"}],"curies":[{"name":"wp","href":"https:\/\/api.w.org\/{rel}","templated":true}]}}