{"id":357,"date":"2024-02-14T16:37:18","date_gmt":"2024-02-14T13:37:18","guid":{"rendered":"http:\/\/www.avukatlik-burosu.com\/?page_id=357"},"modified":"2024-02-15T12:26:17","modified_gmt":"2024-02-15T09:26:17","slug":"av-hatice-elif-arslaner","status":"publish","type":"page","link":"http:\/\/www.avukatlik-burosu.com\/tr\/av-hatice-elif-arslaner\/","title":{"rendered":"Av. Hatice Elif Arslaner"},"content":{"rendered":"<p>1997 Yozgat do\u011fumlu olan Av. H. Elif Arslaner, 2020 y\u0131l\u0131nda Ankara Gazi \u00dcniversitesi Hukuk Fak\u00fcltesi&#8217;nden mezun olmu\u015ftur. 2021 y\u0131l\u0131nda \u00d6zen&amp;\u00c7eltikci Avukatl\u0131k B\u00fcrosu&#8217;nda staj\u0131n\u0131 tamamlayarak ekibimize kat\u0131lm\u0131\u015ft\u0131r. Arslaner, \u0130ngilizce bilmektedir. <\/p>\n\n\n\n<p><img loading=\"lazy\" decoding=\"async\" width=\"25\" height=\"25\" src=\"http:\/\/www.avukatlik-burosu.com\/wp-content\/uploads\/emailIcon-150x150.png\" alt=\"\">&nbsp; <a href=\"mailto:elif@avukatlik-burosu.com\">elif@avukatlik-burosu.com<\/a><\/p>\n\n\n\n<p><\/p>","protected":false},"excerpt":{"rendered":"<p>1997 Yozgat do\u011fumlu olan Av. H. Elif Arslaner, 2020 y\u0131l\u0131nda Ankara Gazi \u00dcniversitesi Hukuk Fak\u00fcltesi&#8217;nden mezun olmu\u015ftur. 2021 y\u0131l\u0131nda \u00d6zen&amp;\u00c7eltikci Avukatl\u0131k B\u00fcrosu&#8217;nda staj\u0131n\u0131 tamamlayarak ekibimize kat\u0131lm\u0131\u015ft\u0131r. Arslaner, \u0130ngilizce bilmektedir. &nbsp; elif@avukatlik-burosu.com<\/p>\n","protected":false},"author":2,"featured_media":365,"parent":0,"menu_order":0,"comment_status":"closed","ping_status":"closed","template":"","meta":{"footnotes":""},"_links":{"self":[{"href":"http:\/\/www.avukatlik-burosu.com\/tr\/wp-json\/wp\/v2\/pages\/357"}],"collection":[{"href":"http:\/\/www.avukatlik-burosu.com\/tr\/wp-json\/wp\/v2\/pages"}],"about":[{"href":"http:\/\/www.avukatlik-burosu.com\/tr\/wp-json\/wp\/v2\/types\/page"}],"author":[{"embeddable":true,"href":"http:\/\/www.avukatlik-burosu.com\/tr\/wp-json\/wp\/v2\/users\/2"}],"replies":[{"embeddable":true,"href":"http:\/\/www.avukatlik-burosu.com\/tr\/wp-json\/wp\/v2\/comments?post=357"}],"version-history":[{"count":3,"href":"http:\/\/www.avukatlik-burosu.com\/tr\/wp-json\/wp\/v2\/pages\/357\/revisions"}],"predecessor-version":[{"id":390,"href":"http:\/\/www.avukatlik-burosu.com\/tr\/wp-json\/wp\/v2\/pages\/357\/revisions\/390"}],"wp:featuredmedia":[{"embeddable":true,"href":"http:\/\/www.avukatlik-burosu.com\/tr\/wp-json\/wp\/v2\/media\/365"}],"wp:attachment":[{"href":"http:\/\/www.avukatlik-burosu.com\/tr\/wp-json\/wp\/v2\/media?parent=357"}],"curies":[{"name":"wp","href":"https:\/\/api.w.org\/{rel}","templated":true}]}}