{"id":176,"date":"2018-02-20T20:42:05","date_gmt":"2018-02-20T18:42:05","guid":{"rendered":"http:\/\/www.avukatlik-burosu.com\/?page_id=176"},"modified":"2024-02-14T17:59:39","modified_gmt":"2024-02-14T14:59:39","slug":"vekaletler-ve-hesap-numaralari","status":"publish","type":"page","link":"http:\/\/www.avukatlik-burosu.com\/tr\/vekaletler-ve-hesap-numaralari\/","title":{"rendered":"Vekaletler ve Hesap Numaralar\u0131"},"content":{"rendered":"<p>\u00d6zen &amp; \u00c7eltikci Avukatl\u0131k B\u00fcrosu ile \u00e7al\u0131\u015fmak istedi\u011finiz taktirde a\u015fa\u011f\u0131daki vekalet \u00f6rneklerine g\u00f6re haz\u0131rl\u0131k yapman\u0131z gerekecektir.<\/p>\n\n\n\n<figure class=\"wp-block-table\"><table><tbody><tr><td><a href=\"http:\/\/www.avukatlik-burosu.com\/wp-content\/uploads\/Marka-Patent-Vekaletnamesi-Arabuluculuk-Yetkili.pdf\" target=\"_blank\" rel=\"noopener\"><img loading=\"lazy\" decoding=\"async\" class=\"alignnone wp-image-377\" src=\"http:\/\/www.avukatlik-burosu.com\/wp-content\/uploads\/pdfIcon.png\" alt=\"\" width=\"60\" height=\"60\" srcset=\"http:\/\/www.avukatlik-burosu.com\/wp-content\/uploads\/pdfIcon.png 1200w, http:\/\/www.avukatlik-burosu.com\/wp-content\/uploads\/pdfIcon-300x300.png 300w, http:\/\/www.avukatlik-burosu.com\/wp-content\/uploads\/pdfIcon-1024x1024.png 1024w, http:\/\/www.avukatlik-burosu.com\/wp-content\/uploads\/pdfIcon-150x150.png 150w, http:\/\/www.avukatlik-burosu.com\/wp-content\/uploads\/pdfIcon-768x768.png 768w, http:\/\/www.avukatlik-burosu.com\/wp-content\/uploads\/pdfIcon-480x480.png 480w, http:\/\/www.avukatlik-burosu.com\/wp-content\/uploads\/pdfIcon-80x80.png 80w\" sizes=\"(max-width: 60px) 100vw, 60px\" \/><\/a><\/td><td><a href=\"http:\/\/www.avukatlik-burosu.com\/wp-content\/uploads\/Vekalet-Sahis-Arabuluculuk-Yetkili.pdf\" target=\"_blank\" rel=\"noopener\"><img loading=\"lazy\" decoding=\"async\" class=\"alignnone wp-image-377\" src=\"http:\/\/www.avukatlik-burosu.com\/wp-content\/uploads\/pdfIcon.png\" alt=\"\" width=\"60\" height=\"60\" srcset=\"http:\/\/www.avukatlik-burosu.com\/wp-content\/uploads\/pdfIcon.png 1200w, http:\/\/www.avukatlik-burosu.com\/wp-content\/uploads\/pdfIcon-300x300.png 300w, http:\/\/www.avukatlik-burosu.com\/wp-content\/uploads\/pdfIcon-1024x1024.png 1024w, http:\/\/www.avukatlik-burosu.com\/wp-content\/uploads\/pdfIcon-150x150.png 150w, http:\/\/www.avukatlik-burosu.com\/wp-content\/uploads\/pdfIcon-768x768.png 768w, http:\/\/www.avukatlik-burosu.com\/wp-content\/uploads\/pdfIcon-480x480.png 480w, http:\/\/www.avukatlik-burosu.com\/wp-content\/uploads\/pdfIcon-80x80.png 80w\" sizes=\"(max-width: 60px) 100vw, 60px\" \/><\/a><\/td><td><a href=\"http:\/\/www.avukatlik-burosu.com\/wp-content\/uploads\/Vekalet-Sirket-Arabuluculuk-Yetkili.pdf\" target=\"_blank\" rel=\"noopener\"><img loading=\"lazy\" decoding=\"async\" class=\"alignnone wp-image-377\" src=\"http:\/\/www.avukatlik-burosu.com\/wp-content\/uploads\/pdfIcon.png\" alt=\"\" width=\"60\" height=\"60\" srcset=\"http:\/\/www.avukatlik-burosu.com\/wp-content\/uploads\/pdfIcon.png 1200w, http:\/\/www.avukatlik-burosu.com\/wp-content\/uploads\/pdfIcon-300x300.png 300w, http:\/\/www.avukatlik-burosu.com\/wp-content\/uploads\/pdfIcon-1024x1024.png 1024w, http:\/\/www.avukatlik-burosu.com\/wp-content\/uploads\/pdfIcon-150x150.png 150w, http:\/\/www.avukatlik-burosu.com\/wp-content\/uploads\/pdfIcon-768x768.png 768w, http:\/\/www.avukatlik-burosu.com\/wp-content\/uploads\/pdfIcon-480x480.png 480w, http:\/\/www.avukatlik-burosu.com\/wp-content\/uploads\/pdfIcon-80x80.png 80w\" sizes=\"(max-width: 60px) 100vw, 60px\" \/><\/a><\/td><\/tr><tr><td>\n<h4>&nbsp;Marka Patent Vekaleti<\/h4>\n<\/td><td>\n<h4>Arabuluculuk \u015eah\u0131s Vekaleti<\/h4>\n<\/td><td>\n<h4>Arabuluculuk \u015eirket Vekaleti<\/h4>\n<\/td><\/tr><\/tbody><\/table><\/figure>\n\n\n\n<p><em>Dosyay\u0131 indirmek i\u00e7in &#8220;W&#8221; ikonuna t\u0131klay\u0131n\u0131z.<\/em><\/p>\n\n\n\n<h4 class=\"wp-block-heading\">Hesap Numaralar\u0131m\u0131z<\/h4>\n\n\n\n<figure class=\"wp-block-table\"><table><tbody><tr><td>GARANT\u0130 BANKASI<\/td><td>&nbsp;<\/td><\/tr><tr><td>TL | HESAP B\u0130LG\u0130LER\u0130<\/td><td>&nbsp;<\/td><\/tr><tr><td>HESAP NO.<\/td><td>IBAN<\/td><\/tr><tr><td>130-6610445<\/td><td>TR96 0006 2000 1300 0006 6104 45<\/td><\/tr><tr><td>130-6610668<\/td><td>TR89 0006 2000 1300 0006 6106 68<\/td><\/tr><\/tbody><\/table><\/figure>\n\n\n\n<figure class=\"wp-block-table\"><table><tbody><tr><td>GARANT\u0130 BANKASI<\/td><td>&nbsp;<\/td><\/tr><tr><td>D\u00d6V\u0130Z | HESAP B\u0130LG\u0130LER\u0130<\/td><td>&nbsp;<\/td><\/tr><tr><td>HESAP NO.<\/td><td>IBAN<\/td><\/tr><tr><td>$ 130-9095221<\/td><td>TR30 0006 2000 1300 0009 0952 21<\/td><\/tr><tr><td>\u20ac 130-9095491<\/td><td>TR15 0006 2000 1300 0009 0954 91<\/td><\/tr><\/tbody><\/table><\/figure>\n\n\n\n<figure class=\"wp-block-table\"><table><tbody><tr><td>T. \u0130\u015e BANKASI<\/td><td>&nbsp;<\/td><\/tr><tr><td>TL | HESAP B\u0130LG\u0130LER\u0130<\/td><td>&nbsp;<\/td><\/tr><tr><td>HESAP NO.<\/td><td>IBAN<\/td><\/tr><tr><td>4222 &#8211; 0257275<\/td><td>TR61 0006 4000 0014 2220 2572 75<\/td><\/tr><tr><td>&nbsp;<\/td><td>&nbsp;<\/td><\/tr><\/tbody><\/table><\/figure>\n\n\n\n<figure class=\"wp-block-table\"><table><tbody><tr><td>T. \u0130\u015e BANKASI<\/td><td>&nbsp;<\/td><\/tr><tr><td>D\u00d6V\u0130Z | HESAP B\u0130LG\u0130LER\u0130<\/td><td>&nbsp;<\/td><\/tr><tr><td>HESAP NO.<\/td><td>IBAN<\/td><\/tr><tr><td>$ 4222 &#8211; 0371252<\/td><td>TR66 0006 4000 0024 2220 3712 52<\/td><\/tr><tr><td>\u20ac 4299 &#8211; 2251168<\/td><td>TR18 0006 4000 0024 2992 2511 68<\/td><\/tr><\/tbody><\/table><\/figure>\n\n\n\n<p><\/p>\n\n\n\n<p><\/p>","protected":false},"excerpt":{"rendered":"<p>\u00d6zen &amp; \u00c7eltikci Avukatl\u0131k B\u00fcrosu ile \u00e7al\u0131\u015fmak istedi\u011finiz taktirde a\u015fa\u011f\u0131daki vekalet \u00f6rneklerine g\u00f6re haz\u0131rl\u0131k yapman\u0131z gerekecektir. &nbsp;Marka Patent Vekaleti Arabuluculuk \u015eah\u0131s Vekaleti Arabuluculuk \u015eirket Vekaleti Dosyay\u0131 indirmek i\u00e7in &#8220;W&#8221; ikonuna t\u0131klay\u0131n\u0131z. Hesap Numaralar\u0131m\u0131z GARANT\u0130 BANKASI &nbsp; TL | HESAP B\u0130LG\u0130LER\u0130 &nbsp; HESAP NO. IBAN 130-6610445 <span class=\"more-button\"><a class=\"button-minimal\" href=\"http:\/\/www.avukatlik-burosu.com\/tr\/vekaletler-ve-hesap-numaralari\/\">Read More &#8230; <\/a><\/span><\/p>\n","protected":false},"author":2,"featured_media":0,"parent":0,"menu_order":0,"comment_status":"closed","ping_status":"closed","template":"","meta":{"footnotes":""},"_links":{"self":[{"href":"http:\/\/www.avukatlik-burosu.com\/tr\/wp-json\/wp\/v2\/pages\/176"}],"collection":[{"href":"http:\/\/www.avukatlik-burosu.com\/tr\/wp-json\/wp\/v2\/pages"}],"about":[{"href":"http:\/\/www.avukatlik-burosu.com\/tr\/wp-json\/wp\/v2\/types\/page"}],"author":[{"embeddable":true,"href":"http:\/\/www.avukatlik-burosu.com\/tr\/wp-json\/wp\/v2\/users\/2"}],"replies":[{"embeddable":true,"href":"http:\/\/www.avukatlik-burosu.com\/tr\/wp-json\/wp\/v2\/comments?post=176"}],"version-history":[{"count":18,"href":"http:\/\/www.avukatlik-burosu.com\/tr\/wp-json\/wp\/v2\/pages\/176\/revisions"}],"predecessor-version":[{"id":387,"href":"http:\/\/www.avukatlik-burosu.com\/tr\/wp-json\/wp\/v2\/pages\/176\/revisions\/387"}],"wp:attachment":[{"href":"http:\/\/www.avukatlik-burosu.com\/tr\/wp-json\/wp\/v2\/media?parent=176"}],"curies":[{"name":"wp","href":"https:\/\/api.w.org\/{rel}","templated":true}]}}