{"id":124,"date":"2018-02-20T16:50:30","date_gmt":"2018-02-20T14:50:30","guid":{"rendered":"http:\/\/www.avukatlik-burosu.com\/?page_id=124"},"modified":"2024-02-14T18:01:48","modified_gmt":"2024-02-14T15:01:48","slug":"ekibimiz","status":"publish","type":"page","link":"http:\/\/www.avukatlik-burosu.com\/tr\/ekibimiz\/","title":{"rendered":"Ekibimiz"},"content":{"rendered":"<p>B\u00fcromuzun faaliyetlerinde bizlere destek veren yard\u0131mc\u0131 personelimiz;<\/p>\n<p><strong><u><img loading=\"lazy\" decoding=\"async\" class=\"alignleft wp-image-134 size-thumbnail\" src=\"http:\/\/www.avukatlik-burosu.com\/wp-content\/uploads\/feat_mesut-150x150.png\" alt=\"\" width=\"150\" height=\"150\" srcset=\"http:\/\/www.avukatlik-burosu.com\/wp-content\/uploads\/feat_mesut-150x150.png 150w, http:\/\/www.avukatlik-burosu.com\/wp-content\/uploads\/feat_mesut-300x300.png 300w, http:\/\/www.avukatlik-burosu.com\/wp-content\/uploads\/feat_mesut-480x480.png 480w, http:\/\/www.avukatlik-burosu.com\/wp-content\/uploads\/feat_mesut-80x80.png 80w, http:\/\/www.avukatlik-burosu.com\/wp-content\/uploads\/feat_mesut.png 512w\" sizes=\"(max-width: 150px) 100vw, 150px\" \/>Mesut Bal (Katip)<\/u><\/strong><\/p>\n<p>1991 Ankara do\u011fumlu olan Bal, A\u00e7\u0131k \u00d6\u011fretim Lisesi\u2019nde e\u011fitimine devam etmektedir. Ankara Barosu nezdinde d\u00fczenlenen \u00e7e\u015fitli e\u011fitim ve seminerlere kat\u0131lm\u0131\u015f ve sertifikas\u0131n\u0131 alm\u0131\u015ft\u0131r. 2017 y\u0131l\u0131nda b\u00fcnyemize kat\u0131lm\u0131\u015f ve halen icra k\u00e2tibi ve ula\u015f\u0131m g\u00f6revlisi olarak hizmet vermektedir.<\/p>\n<p><img loading=\"lazy\" decoding=\"async\" class=\"alignnone wp-image-287\" src=\"http:\/\/www.avukatlik-burosu.com\/wp-content\/uploads\/emailIcon-150x150.png\" alt=\"\" width=\"25\" height=\"25\" srcset=\"http:\/\/www.avukatlik-burosu.com\/wp-content\/uploads\/emailIcon-150x150.png 150w, http:\/\/www.avukatlik-burosu.com\/wp-content\/uploads\/emailIcon-80x80.png 80w, http:\/\/www.avukatlik-burosu.com\/wp-content\/uploads\/emailIcon.png 200w\" sizes=\"(max-width: 25px) 100vw, 25px\" \/>\u00a0 <a href=\"mailto:mesut@avukatlik-burosu.com\">mesut@avukatlik-burosu.com<\/a><\/p>\n<p><strong><u><img loading=\"lazy\" decoding=\"async\" class=\"alignleft wp-image-138 size-thumbnail\" src=\"http:\/\/www.avukatlik-burosu.com\/wp-content\/uploads\/feat_suna-150x150.png\" alt=\"\" width=\"150\" height=\"150\" srcset=\"http:\/\/www.avukatlik-burosu.com\/wp-content\/uploads\/feat_suna-150x150.png 150w, http:\/\/www.avukatlik-burosu.com\/wp-content\/uploads\/feat_suna-300x300.png 300w, http:\/\/www.avukatlik-burosu.com\/wp-content\/uploads\/feat_suna-480x480.png 480w, http:\/\/www.avukatlik-burosu.com\/wp-content\/uploads\/feat_suna-80x80.png 80w, http:\/\/www.avukatlik-burosu.com\/wp-content\/uploads\/feat_suna.png 512w\" sizes=\"(max-width: 150px) 100vw, 150px\" \/>Suna Erdin (Y\u00f6netim Asistan\u0131)<\/u><\/strong><\/p>\n<p>1987 Ankara do\u011fumlu olan Erdin, 2008 y\u0131l\u0131nda Mersin \u00dcniversitesi Ziraat Teknikerli\u011fi B\u00f6l\u00fcm\u00fcnden mezun olmu\u015ftur. 2009 y\u0131l\u0131nda \u0130\u015f-Kur B\u00fcro Y\u00f6netimi ve Sekreterlik E\u011fitimini bitirmi\u015f ve sertifikas\u0131n\u0131 alm\u0131\u015ft\u0131r. 2018 y\u0131l\u0131nda ekibimize kat\u0131lm\u0131\u015f ve halen y\u00f6netim asistan\u0131 olarak hizmet vermektedir.<\/p>\n<p><img loading=\"lazy\" decoding=\"async\" class=\"alignnone wp-image-287\" src=\"http:\/\/www.avukatlik-burosu.com\/wp-content\/uploads\/emailIcon-150x150.png\" alt=\"\" width=\"25\" height=\"25\" srcset=\"http:\/\/www.avukatlik-burosu.com\/wp-content\/uploads\/emailIcon-150x150.png 150w, http:\/\/www.avukatlik-burosu.com\/wp-content\/uploads\/emailIcon-80x80.png 80w, http:\/\/www.avukatlik-burosu.com\/wp-content\/uploads\/emailIcon.png 200w\" sizes=\"(max-width: 25px) 100vw, 25px\" \/>\u00a0 <a href=\"mailto:suna@avukatlik-burosu.com\">suna@avukatlik-burosu.com<\/a><\/p>","protected":false},"excerpt":{"rendered":"<p>B\u00fcromuzun faaliyetlerinde bizlere destek veren yard\u0131mc\u0131 personelimiz; Mesut Bal (Katip) 1991 Ankara do\u011fumlu olan Bal, A\u00e7\u0131k \u00d6\u011fretim Lisesi\u2019nde e\u011fitimine devam etmektedir. Ankara Barosu nezdinde d\u00fczenlenen \u00e7e\u015fitli e\u011fitim ve seminerlere kat\u0131lm\u0131\u015f ve sertifikas\u0131n\u0131 alm\u0131\u015ft\u0131r. 2017 y\u0131l\u0131nda b\u00fcnyemize kat\u0131lm\u0131\u015f ve halen icra k\u00e2tibi ve ula\u015f\u0131m g\u00f6revlisi olarak <span class=\"more-button\"><a class=\"button-minimal\" href=\"http:\/\/www.avukatlik-burosu.com\/tr\/ekibimiz\/\">Read More &#8230; <\/a><\/span><\/p>\n","protected":false},"author":2,"featured_media":0,"parent":0,"menu_order":0,"comment_status":"closed","ping_status":"closed","template":"","meta":{"footnotes":""},"_links":{"self":[{"href":"http:\/\/www.avukatlik-burosu.com\/tr\/wp-json\/wp\/v2\/pages\/124"}],"collection":[{"href":"http:\/\/www.avukatlik-burosu.com\/tr\/wp-json\/wp\/v2\/pages"}],"about":[{"href":"http:\/\/www.avukatlik-burosu.com\/tr\/wp-json\/wp\/v2\/types\/page"}],"author":[{"embeddable":true,"href":"http:\/\/www.avukatlik-burosu.com\/tr\/wp-json\/wp\/v2\/users\/2"}],"replies":[{"embeddable":true,"href":"http:\/\/www.avukatlik-burosu.com\/tr\/wp-json\/wp\/v2\/comments?post=124"}],"version-history":[{"count":11,"href":"http:\/\/www.avukatlik-burosu.com\/tr\/wp-json\/wp\/v2\/pages\/124\/revisions"}],"predecessor-version":[{"id":351,"href":"http:\/\/www.avukatlik-burosu.com\/tr\/wp-json\/wp\/v2\/pages\/124\/revisions\/351"}],"wp:attachment":[{"href":"http:\/\/www.avukatlik-burosu.com\/tr\/wp-json\/wp\/v2\/media?parent=124"}],"curies":[{"name":"wp","href":"https:\/\/api.w.org\/{rel}","templated":true}]}}