{"id":99,"date":"2018-02-20T12:38:26","date_gmt":"2018-02-20T09:38:26","guid":{"rendered":"http:\/\/www.avukatlik-burosu.com\/?page_id=99"},"modified":"2024-02-14T15:48:12","modified_gmt":"2024-02-14T12:48:12","slug":"av-narinc-ozen","status":"publish","type":"page","link":"http:\/\/www.avukatlik-burosu.com\/fr\/av-narinc-ozen\/","title":{"rendered":"Arb. Av. Nar\u0131n\u00e7 \u00d6zen"},"content":{"rendered":"<p>Mlle \u00d6zen est n\u00e9e en 1991 et a \u00e9t\u00e9 dipl\u00f4m\u00e9e de la facult\u00e9 de droit de l&#8217;universit\u00e9 de Bilkent en 2014. Apr\u00e8s avoir effectu\u00e9 son stage chez \u00d6zen &amp; \u00c7eltikci avocats, elle a rejoint notre \u00e9quipe. Ozen parle couramment l&#8217;anglais et l&#8217;italien.<\/p>\n<p><img loading=\"lazy\" decoding=\"async\" class=\"alignnone wp-image-287\" src=\"http:\/\/www.avukatlik-burosu.com\/wp-content\/uploads\/emailIcon-150x150.png\" alt=\"\" width=\"25\" height=\"25\" srcset=\"http:\/\/www.avukatlik-burosu.com\/wp-content\/uploads\/emailIcon-150x150.png 150w, http:\/\/www.avukatlik-burosu.com\/wp-content\/uploads\/emailIcon-80x80.png 80w, http:\/\/www.avukatlik-burosu.com\/wp-content\/uploads\/emailIcon.png 200w\" sizes=\"(max-width: 25px) 100vw, 25px\" \/>\u00a0 <a href=\"mailto:narinc@avukatlik-burosu.com\">narinc@avukatlik-burosu.com<\/a><\/p>","protected":false},"excerpt":{"rendered":"<p>Mlle \u00d6zen est n\u00e9e en 1991 et a \u00e9t\u00e9 dipl\u00f4m\u00e9e de la facult\u00e9 de droit de l&#8217;universit\u00e9 de Bilkent en 2014. Apr\u00e8s avoir effectu\u00e9 son stage chez \u00d6zen &amp; \u00c7eltikci avocats, elle a rejoint notre \u00e9quipe. Ozen parle couramment l&#8217;anglais et l&#8217;italien. \u00a0 narinc@avukatlik-burosu.com<\/p>\n","protected":false},"author":2,"featured_media":308,"parent":0,"menu_order":0,"comment_status":"closed","ping_status":"closed","template":"","meta":{"footnotes":""},"_links":{"self":[{"href":"http:\/\/www.avukatlik-burosu.com\/fr\/wp-json\/wp\/v2\/pages\/99"}],"collection":[{"href":"http:\/\/www.avukatlik-burosu.com\/fr\/wp-json\/wp\/v2\/pages"}],"about":[{"href":"http:\/\/www.avukatlik-burosu.com\/fr\/wp-json\/wp\/v2\/types\/page"}],"author":[{"embeddable":true,"href":"http:\/\/www.avukatlik-burosu.com\/fr\/wp-json\/wp\/v2\/users\/2"}],"replies":[{"embeddable":true,"href":"http:\/\/www.avukatlik-burosu.com\/fr\/wp-json\/wp\/v2\/comments?post=99"}],"version-history":[{"count":6,"href":"http:\/\/www.avukatlik-burosu.com\/fr\/wp-json\/wp\/v2\/pages\/99\/revisions"}],"predecessor-version":[{"id":337,"href":"http:\/\/www.avukatlik-burosu.com\/fr\/wp-json\/wp\/v2\/pages\/99\/revisions\/337"}],"wp:featuredmedia":[{"embeddable":true,"href":"http:\/\/www.avukatlik-burosu.com\/fr\/wp-json\/wp\/v2\/media\/308"}],"wp:attachment":[{"href":"http:\/\/www.avukatlik-burosu.com\/fr\/wp-json\/wp\/v2\/media?parent=99"}],"curies":[{"name":"wp","href":"https:\/\/api.w.org\/{rel}","templated":true}]}}