{"id":97,"date":"2018-02-20T12:37:03","date_gmt":"2018-02-20T10:37:03","guid":{"rendered":"http:\/\/www.avukatlik-burosu.com\/?page_id=97"},"modified":"2018-02-23T07:42:52","modified_gmt":"2018-02-23T05:42:52","slug":"av-ecem-celtikci-capar","status":"publish","type":"page","link":"http:\/\/www.avukatlik-burosu.com\/fr\/av-ecem-celtikci-capar\/","title":{"rendered":"Av. Ecem \u00c7eltikci \u00c7apar"},"content":{"rendered":"<p>\u00c7apar est n\u00e9e en 1989 \u00e0 Ankara. Elle a fini ses \u00e9tudes secondaires au Lyc\u00e9e Tevfik Fikret d&#8217;Ankara en 2006 et elle a \u00e9t\u00e9 dipl\u00f4m\u00e9e de la Facult\u00e9 de droit de l\u2019Universit\u00e9 Bilkent en 2011. Elle a compl\u00e9t\u00e9 un an de stage obligatoire au Cabinet d&#8217;avocats Kuntalp-Arkan-Pekg\u00fc\u00e7l\u00fc et a rejoint notre \u00e9quipe en 2012. Elle a \u00e9galement effectu\u00e9 des stages \u00e0 l&#8217;Autorit\u00e9 de la Concurrence et des March\u00e9s Financiers des Commissions. \u00c7apar poursuit sa ma\u00eetrise \u00e0 l&#8217;Universit\u00e9 d&#8217;Ankara, Institut des sciences sociales dans le domaine du droit civil. \u00c7apar parle couramment l&#8217;anglais et le fran\u00e7ais.<\/p>\n<p><img loading=\"lazy\" decoding=\"async\" class=\"alignnone wp-image-287\" src=\"http:\/\/www.avukatlik-burosu.com\/wp-content\/uploads\/emailIcon-150x150.png\" alt=\"\" width=\"25\" height=\"25\" srcset=\"http:\/\/www.avukatlik-burosu.com\/wp-content\/uploads\/emailIcon-150x150.png 150w, http:\/\/www.avukatlik-burosu.com\/wp-content\/uploads\/emailIcon-80x80.png 80w, http:\/\/www.avukatlik-burosu.com\/wp-content\/uploads\/emailIcon.png 200w\" sizes=\"(max-width: 25px) 100vw, 25px\" \/>\u00a0 <a href=\"mailto:ecem@avukatlik-burosu.com\">ecem@avukatlik-burosu.com<\/a><\/p>","protected":false},"excerpt":{"rendered":"<p>\u00c7apar est n\u00e9e en 1989 \u00e0 Ankara. Elle a fini ses \u00e9tudes secondaires au Lyc\u00e9e Tevfik Fikret d&#8217;Ankara en 2006 et elle a \u00e9t\u00e9 dipl\u00f4m\u00e9e de la Facult\u00e9 de droit de l\u2019Universit\u00e9 Bilkent en 2011. Elle a compl\u00e9t\u00e9 un an de stage obligatoire au Cabinet <span class=\"more-button\"><a class=\"button-minimal\" href=\"http:\/\/www.avukatlik-burosu.com\/fr\/av-ecem-celtikci-capar\/\">Read More &#8230; <\/a><\/span><\/p>\n","protected":false},"author":2,"featured_media":133,"parent":0,"menu_order":0,"comment_status":"closed","ping_status":"closed","template":"","meta":{"footnotes":""},"_links":{"self":[{"href":"http:\/\/www.avukatlik-burosu.com\/fr\/wp-json\/wp\/v2\/pages\/97"}],"collection":[{"href":"http:\/\/www.avukatlik-burosu.com\/fr\/wp-json\/wp\/v2\/pages"}],"about":[{"href":"http:\/\/www.avukatlik-burosu.com\/fr\/wp-json\/wp\/v2\/types\/page"}],"author":[{"embeddable":true,"href":"http:\/\/www.avukatlik-burosu.com\/fr\/wp-json\/wp\/v2\/users\/2"}],"replies":[{"embeddable":true,"href":"http:\/\/www.avukatlik-burosu.com\/fr\/wp-json\/wp\/v2\/comments?post=97"}],"version-history":[{"count":5,"href":"http:\/\/www.avukatlik-burosu.com\/fr\/wp-json\/wp\/v2\/pages\/97\/revisions"}],"predecessor-version":[{"id":303,"href":"http:\/\/www.avukatlik-burosu.com\/fr\/wp-json\/wp\/v2\/pages\/97\/revisions\/303"}],"wp:featuredmedia":[{"embeddable":true,"href":"http:\/\/www.avukatlik-burosu.com\/fr\/wp-json\/wp\/v2\/media\/133"}],"wp:attachment":[{"href":"http:\/\/www.avukatlik-burosu.com\/fr\/wp-json\/wp\/v2\/media?parent=97"}],"curies":[{"name":"wp","href":"https:\/\/api.w.org\/{rel}","templated":true}]}}