{"id":95,"date":"2018-02-20T12:36:19","date_gmt":"2018-02-20T09:36:19","guid":{"rendered":"http:\/\/www.avukatlik-burosu.com\/?page_id=95"},"modified":"2024-02-14T16:31:16","modified_gmt":"2024-02-14T13:31:16","slug":"av-arda-ozen","status":"publish","type":"page","link":"http:\/\/www.avukatlik-burosu.com\/fr\/av-arda-ozen\/","title":{"rendered":"Arb. Av. Arda \u00d6zen, LLM"},"content":{"rendered":"<p>Arda \u00d6zen, qui est n\u00e9 en 1984, est dipl\u00f4m\u00e9 de l&#8217;\u00c9cole secondaire Atat\u00fcrk \u00e0 Ankara en 2002 et est dipl\u00f4m\u00e9 de l&#8217;Universit\u00e9 de Ba\u015fkent, Facult\u00e9 de droit. Il a termin\u00e9 son stage en 2008 et commence \u00e0 travailler dans notre bureau d&#8217;avocat. Il a obtenu sa ma\u00eetrise de l&#8217;Universit\u00e9 d&#8217;Ankara, Institut des Sciences Sociales, D\u00e9partement de droit commercial (sujet de th\u00e8se \u00abLa protection des cr\u00e9anciers en Fusions\u00bb), en 2010. Il a \u00e9galement certificat de l&#8217;Institut de conseil en brevets, des marques et des brevets, et il parle couramment l&#8217;anglais.<\/p>\n<p><img loading=\"lazy\" decoding=\"async\" class=\"alignnone wp-image-287\" src=\"http:\/\/www.avukatlik-burosu.com\/wp-content\/uploads\/emailIcon-150x150.png\" alt=\"\" width=\"25\" height=\"25\" srcset=\"http:\/\/www.avukatlik-burosu.com\/wp-content\/uploads\/emailIcon-150x150.png 150w, http:\/\/www.avukatlik-burosu.com\/wp-content\/uploads\/emailIcon-80x80.png 80w, http:\/\/www.avukatlik-burosu.com\/wp-content\/uploads\/emailIcon.png 200w\" sizes=\"(max-width: 25px) 100vw, 25px\" \/>\u00a0\u00a0<a href=\"mailto:arda@avukatlik-burosu.com\">arda@avukatlik-burosu.com<\/a><\/p>","protected":false},"excerpt":{"rendered":"<p>Arda \u00d6zen, qui est n\u00e9 en 1984, est dipl\u00f4m\u00e9 de l&#8217;\u00c9cole secondaire Atat\u00fcrk \u00e0 Ankara en 2002 et est dipl\u00f4m\u00e9 de l&#8217;Universit\u00e9 de Ba\u015fkent, Facult\u00e9 de droit. Il a termin\u00e9 son stage en 2008 et commence \u00e0 travailler dans notre bureau d&#8217;avocat. Il a obtenu <span class=\"more-button\"><a class=\"button-minimal\" href=\"http:\/\/www.avukatlik-burosu.com\/fr\/av-arda-ozen\/\">Read More &#8230; <\/a><\/span><\/p>\n","protected":false},"author":2,"featured_media":131,"parent":0,"menu_order":0,"comment_status":"closed","ping_status":"closed","template":"","meta":{"footnotes":""},"_links":{"self":[{"href":"http:\/\/www.avukatlik-burosu.com\/fr\/wp-json\/wp\/v2\/pages\/95"}],"collection":[{"href":"http:\/\/www.avukatlik-burosu.com\/fr\/wp-json\/wp\/v2\/pages"}],"about":[{"href":"http:\/\/www.avukatlik-burosu.com\/fr\/wp-json\/wp\/v2\/types\/page"}],"author":[{"embeddable":true,"href":"http:\/\/www.avukatlik-burosu.com\/fr\/wp-json\/wp\/v2\/users\/2"}],"replies":[{"embeddable":true,"href":"http:\/\/www.avukatlik-burosu.com\/fr\/wp-json\/wp\/v2\/comments?post=95"}],"version-history":[{"count":14,"href":"http:\/\/www.avukatlik-burosu.com\/fr\/wp-json\/wp\/v2\/pages\/95\/revisions"}],"predecessor-version":[{"id":354,"href":"http:\/\/www.avukatlik-burosu.com\/fr\/wp-json\/wp\/v2\/pages\/95\/revisions\/354"}],"wp:featuredmedia":[{"embeddable":true,"href":"http:\/\/www.avukatlik-burosu.com\/fr\/wp-json\/wp\/v2\/media\/131"}],"wp:attachment":[{"href":"http:\/\/www.avukatlik-burosu.com\/fr\/wp-json\/wp\/v2\/media?parent=95"}],"curies":[{"name":"wp","href":"https:\/\/api.w.org\/{rel}","templated":true}]}}