{"id":89,"date":"2018-02-20T12:35:37","date_gmt":"2018-02-20T09:35:37","guid":{"rendered":"http:\/\/www.avukatlik-burosu.com\/?page_id=89"},"modified":"2024-02-14T14:28:45","modified_gmt":"2024-02-14T11:28:45","slug":"av-umran-eker","status":"publish","type":"page","link":"http:\/\/www.avukatlik-burosu.com\/fr\/av-umran-eker\/","title":{"rendered":"Arb. Av. \u00dcmran Eker"},"content":{"rendered":"<p>Eker, qui est n\u00e9 \u00e0 K\u00fctahya 1979, est dipl\u00f4m\u00e9 de l\u2019lyc\u00e9e d\u2019industrielle Ke\u00e7i\u00f6ren D\u00e9partement d&#8217;Electronic en 1994 et Lyc\u00e9e de technique Yenimahalle du D\u00e9partement des logiciels informatiques en 1997. Apr\u00e8s avoir obtenu sa dipl\u00f4me de l&#8217;Universit\u00e9 d&#8217;Ankara, l&#8217;\u00e9cole de la Justice en 1999, elle est \u00e9galement dipl\u00f4m\u00e9 de l&#8217;Universit\u00e9 d\u2019Anadolu Facult\u00e9 de droit en 2003. Elle a \u00e9galement travaill\u00e9 en tant que stagiaire \u00e0 la banque de Ziraat en Data Center. Elle a complet\u00e9 son stage dans notre bureau et commenc\u00e9 travailler en tant que membre du Barreau d&#8217;Ankara. Elle a travaill\u00e9 en cabinet d&#8217;avocats Af\u015far (2004-2005), cabinet d&#8217;avocats Utku (2005-2006) et cabinet d\u2019avocats Egem (2006-2008) et depuis 2008, elle travaille avec nous. Ainsi que sa profession, elle a \u00e9galement compl\u00e9t\u00e9 avec succ\u00e8s, les programmes certificats dans le droit de la concurrence et de la proc\u00e9dure p\u00e9nale de barreau d&#8217;Ankara Association et le programme certificat sur le droit commercial dans l\u2019institut de recherche sur le droit bancaire et le droit commercial. Eker parle couramment l&#8217;anglais.<\/p>\n<p><img loading=\"lazy\" decoding=\"async\" class=\"alignnone wp-image-287\" src=\"http:\/\/www.avukatlik-burosu.com\/wp-content\/uploads\/emailIcon-150x150.png\" alt=\"\" width=\"25\" height=\"25\" srcset=\"http:\/\/www.avukatlik-burosu.com\/wp-content\/uploads\/emailIcon-150x150.png 150w, http:\/\/www.avukatlik-burosu.com\/wp-content\/uploads\/emailIcon-80x80.png 80w, http:\/\/www.avukatlik-burosu.com\/wp-content\/uploads\/emailIcon.png 200w\" sizes=\"(max-width: 25px) 100vw, 25px\" \/>\u00a0 <a href=\"mailto:umran@avukatlik-burosu.com\">umran@avukatlik-burosu.com<\/a><\/p>","protected":false},"excerpt":{"rendered":"<p>Eker, qui est n\u00e9 \u00e0 K\u00fctahya 1979, est dipl\u00f4m\u00e9 de l\u2019lyc\u00e9e d\u2019industrielle Ke\u00e7i\u00f6ren D\u00e9partement d&#8217;Electronic en 1994 et Lyc\u00e9e de technique Yenimahalle du D\u00e9partement des logiciels informatiques en 1997. Apr\u00e8s avoir obtenu sa dipl\u00f4me de l&#8217;Universit\u00e9 d&#8217;Ankara, l&#8217;\u00e9cole de la Justice en 1999, elle est <span class=\"more-button\"><a class=\"button-minimal\" href=\"http:\/\/www.avukatlik-burosu.com\/fr\/av-umran-eker\/\">Read More &#8230; <\/a><\/span><\/p>\n","protected":false},"author":2,"featured_media":139,"parent":0,"menu_order":0,"comment_status":"closed","ping_status":"closed","template":"","meta":{"footnotes":""},"_links":{"self":[{"href":"http:\/\/www.avukatlik-burosu.com\/fr\/wp-json\/wp\/v2\/pages\/89"}],"collection":[{"href":"http:\/\/www.avukatlik-burosu.com\/fr\/wp-json\/wp\/v2\/pages"}],"about":[{"href":"http:\/\/www.avukatlik-burosu.com\/fr\/wp-json\/wp\/v2\/types\/page"}],"author":[{"embeddable":true,"href":"http:\/\/www.avukatlik-burosu.com\/fr\/wp-json\/wp\/v2\/users\/2"}],"replies":[{"embeddable":true,"href":"http:\/\/www.avukatlik-burosu.com\/fr\/wp-json\/wp\/v2\/comments?post=89"}],"version-history":[{"count":7,"href":"http:\/\/www.avukatlik-burosu.com\/fr\/wp-json\/wp\/v2\/pages\/89\/revisions"}],"predecessor-version":[{"id":334,"href":"http:\/\/www.avukatlik-burosu.com\/fr\/wp-json\/wp\/v2\/pages\/89\/revisions\/334"}],"wp:featuredmedia":[{"embeddable":true,"href":"http:\/\/www.avukatlik-burosu.com\/fr\/wp-json\/wp\/v2\/media\/139"}],"wp:attachment":[{"href":"http:\/\/www.avukatlik-burosu.com\/fr\/wp-json\/wp\/v2\/media?parent=89"}],"curies":[{"name":"wp","href":"https:\/\/api.w.org\/{rel}","templated":true}]}}