{"id":73,"date":"2018-02-20T12:13:11","date_gmt":"2018-02-20T10:13:11","guid":{"rendered":"http:\/\/www.avukatlik-burosu.com\/?page_id=73"},"modified":"2018-02-23T07:43:21","modified_gmt":"2018-02-23T05:43:21","slug":"nejat-ozen","status":"publish","type":"page","link":"http:\/\/www.avukatlik-burosu.com\/fr\/nejat-ozen\/","title":{"rendered":"Av. Halim Nejat \u00d6zen"},"content":{"rendered":"<p>\u00d6zen est n\u00e9 \u00e0 Istanbul en 1954. Il a poursuivi une partie de ses \u00e9tudes secondaires au Lyc\u00e9e de Galatasaray \u00e0 Istanbul et il les a termin\u00e9es au Lyc\u00e9e Tevfik Fikret d&#8217;Ankara. Il est dipl\u00f4m\u00e9 de la Facult\u00e9 de droit de l&#8217;Universit\u00e9 d&#8217;Ankara en 1978. Apr\u00e8s avoir termin\u00e9 son service militaire comme officier de discipline entre les ann\u00e9es 1980-1982 \u00e0 Isparta, il a commenc\u00e9 \u00e0 travailler, en 1979, en tant qu&#8217;avocat associ\u00e9 au sein du cabinet d&#8217;avocats \u00d6zen &amp; \u00c7eltikci .<\/p>\n<p><img loading=\"lazy\" decoding=\"async\" class=\"alignnone wp-image-287\" src=\"http:\/\/www.avukatlik-burosu.com\/wp-content\/uploads\/emailIcon-150x150.png\" alt=\"\" width=\"25\" height=\"25\" srcset=\"http:\/\/www.avukatlik-burosu.com\/wp-content\/uploads\/emailIcon-150x150.png 150w, http:\/\/www.avukatlik-burosu.com\/wp-content\/uploads\/emailIcon-80x80.png 80w, http:\/\/www.avukatlik-burosu.com\/wp-content\/uploads\/emailIcon.png 200w\" sizes=\"(max-width: 25px) 100vw, 25px\" \/>\u00a0 <a href=\"mailto:nejat@avukatlik-burosu.com\">nejat@avukatlik-burosu.com<\/a><\/p>","protected":false},"excerpt":{"rendered":"<p>\u00d6zen est n\u00e9 \u00e0 Istanbul en 1954. Il a poursuivi une partie de ses \u00e9tudes secondaires au Lyc\u00e9e de Galatasaray \u00e0 Istanbul et il les a termin\u00e9es au Lyc\u00e9e Tevfik Fikret d&#8217;Ankara. Il est dipl\u00f4m\u00e9 de la Facult\u00e9 de droit de l&#8217;Universit\u00e9 d&#8217;Ankara en 1978. <span class=\"more-button\"><a class=\"button-minimal\" href=\"http:\/\/www.avukatlik-burosu.com\/fr\/nejat-ozen\/\">Read More &#8230; <\/a><\/span><\/p>\n","protected":false},"author":2,"featured_media":148,"parent":0,"menu_order":0,"comment_status":"closed","ping_status":"closed","template":"","meta":{"footnotes":""},"_links":{"self":[{"href":"http:\/\/www.avukatlik-burosu.com\/fr\/wp-json\/wp\/v2\/pages\/73"}],"collection":[{"href":"http:\/\/www.avukatlik-burosu.com\/fr\/wp-json\/wp\/v2\/pages"}],"about":[{"href":"http:\/\/www.avukatlik-burosu.com\/fr\/wp-json\/wp\/v2\/types\/page"}],"author":[{"embeddable":true,"href":"http:\/\/www.avukatlik-burosu.com\/fr\/wp-json\/wp\/v2\/users\/2"}],"replies":[{"embeddable":true,"href":"http:\/\/www.avukatlik-burosu.com\/fr\/wp-json\/wp\/v2\/comments?post=73"}],"version-history":[{"count":10,"href":"http:\/\/www.avukatlik-burosu.com\/fr\/wp-json\/wp\/v2\/pages\/73\/revisions"}],"predecessor-version":[{"id":304,"href":"http:\/\/www.avukatlik-burosu.com\/fr\/wp-json\/wp\/v2\/pages\/73\/revisions\/304"}],"wp:featuredmedia":[{"embeddable":true,"href":"http:\/\/www.avukatlik-burosu.com\/fr\/wp-json\/wp\/v2\/media\/148"}],"wp:attachment":[{"href":"http:\/\/www.avukatlik-burosu.com\/fr\/wp-json\/wp\/v2\/media?parent=73"}],"curies":[{"name":"wp","href":"https:\/\/api.w.org\/{rel}","templated":true}]}}