{"id":360,"date":"2024-02-14T16:40:02","date_gmt":"2024-02-14T13:40:02","guid":{"rendered":"http:\/\/www.avukatlik-burosu.com\/?page_id=360"},"modified":"2024-02-19T10:15:00","modified_gmt":"2024-02-19T07:15:00","slug":"av-ismail-bugra-ozek","status":"publish","type":"page","link":"http:\/\/www.avukatlik-burosu.com\/fr\/av-ismail-bugra-ozek\/","title":{"rendered":"Av. \u0130smail Bu\u011fra \u00d6zek"},"content":{"rendered":"<p><\/p>\n\n\n\n<p><img loading=\"lazy\" decoding=\"async\" width=\"25\" height=\"25\" src=\"http:\/\/www.avukatlik-burosu.com\/wp-content\/uploads\/emailIcon-150x150.png\" alt=\"\">&nbsp; <\/p>","protected":false},"excerpt":{"rendered":"<p>&nbsp;<\/p>\n","protected":false},"author":2,"featured_media":391,"parent":0,"menu_order":0,"comment_status":"closed","ping_status":"closed","template":"","meta":{"footnotes":""},"_links":{"self":[{"href":"http:\/\/www.avukatlik-burosu.com\/fr\/wp-json\/wp\/v2\/pages\/360"}],"collection":[{"href":"http:\/\/www.avukatlik-burosu.com\/fr\/wp-json\/wp\/v2\/pages"}],"about":[{"href":"http:\/\/www.avukatlik-burosu.com\/fr\/wp-json\/wp\/v2\/types\/page"}],"author":[{"embeddable":true,"href":"http:\/\/www.avukatlik-burosu.com\/fr\/wp-json\/wp\/v2\/users\/2"}],"replies":[{"embeddable":true,"href":"http:\/\/www.avukatlik-burosu.com\/fr\/wp-json\/wp\/v2\/comments?post=360"}],"version-history":[{"count":2,"href":"http:\/\/www.avukatlik-burosu.com\/fr\/wp-json\/wp\/v2\/pages\/360\/revisions"}],"predecessor-version":[{"id":364,"href":"http:\/\/www.avukatlik-burosu.com\/fr\/wp-json\/wp\/v2\/pages\/360\/revisions\/364"}],"wp:featuredmedia":[{"embeddable":true,"href":"http:\/\/www.avukatlik-burosu.com\/fr\/wp-json\/wp\/v2\/media\/391"}],"wp:attachment":[{"href":"http:\/\/www.avukatlik-burosu.com\/fr\/wp-json\/wp\/v2\/media?parent=360"}],"curies":[{"name":"wp","href":"https:\/\/api.w.org\/{rel}","templated":true}]}}