{"id":21,"date":"2018-02-20T08:57:24","date_gmt":"2018-02-20T06:57:24","guid":{"rendered":"http:\/\/www.avukatlik-burosu.com\/?page_id=21"},"modified":"2024-02-14T16:30:05","modified_gmt":"2024-02-14T13:30:05","slug":"hosgeldiniz","status":"publish","type":"page","link":"http:\/\/www.avukatlik-burosu.com\/fr\/","title":{"rendered":"Bienvenue"},"content":{"rendered":"<p>Notre cabinet a \u00e9t\u00e9 cr\u00e9\u00e9 en 1979 par trois associ\u00e9s \u00e0 Konur Sokak 24 n\u00b0: 3. Depuis sa cr\u00e9ation, le cabinet conseille ses clients principalement dans le domaine du droit priv\u00e9, et notamment dans le domaine du droit des soci\u00e9t\u00e9s. Entre 1980 et 1982, notre cabinet a aid\u00e9 \u00e0 la cr\u00e9ation, \u00e0 la direction et \u00e0 des activit\u00e9s d&#8217;exportation d&#8217;une entreprise sp\u00e9cialis\u00e9e dans l&#8217;exploitation mini\u00e8re. Depuis 1983, notre bureau est situ\u00e9 \u00e0 Strazburg Sokak No: 12\/10. En 1996, suite \u00e0 la s\u00e9paration de l&#8217;un de nos associ\u00e9s fondateurs, Refik \u00c7eltikci et Nejat \u00d6zen ont continu\u00e9 \u00e0 conseiller leurs clients dans le domaine du droit priv\u00e9 . Depuis 2009, avec la participation de nouveaux avocats, notre cabinet a \u00e9largi son domaine d&#8217;activit\u00e9s aux marques et brevets.<\/p>\n<p><\/p>","protected":false},"excerpt":{"rendered":"<p>Notre cabinet a \u00e9t\u00e9 cr\u00e9\u00e9 en 1979 par trois associ\u00e9s \u00e0 Konur Sokak 24 n\u00b0: 3. Depuis sa cr\u00e9ation, le cabinet conseille ses clients principalement dans le domaine du droit priv\u00e9, et notamment dans le domaine du droit des soci\u00e9t\u00e9s. Entre 1980 et 1982, notre <span class=\"more-button\"><a class=\"button-minimal\" href=\"http:\/\/www.avukatlik-burosu.com\/fr\/\">Read More &#8230; <\/a><\/span><\/p>\n","protected":false},"author":2,"featured_media":0,"parent":0,"menu_order":0,"comment_status":"closed","ping_status":"closed","template":"","meta":{"footnotes":""},"_links":{"self":[{"href":"http:\/\/www.avukatlik-burosu.com\/fr\/wp-json\/wp\/v2\/pages\/21"}],"collection":[{"href":"http:\/\/www.avukatlik-burosu.com\/fr\/wp-json\/wp\/v2\/pages"}],"about":[{"href":"http:\/\/www.avukatlik-burosu.com\/fr\/wp-json\/wp\/v2\/types\/page"}],"author":[{"embeddable":true,"href":"http:\/\/www.avukatlik-burosu.com\/fr\/wp-json\/wp\/v2\/users\/2"}],"replies":[{"embeddable":true,"href":"http:\/\/www.avukatlik-burosu.com\/fr\/wp-json\/wp\/v2\/comments?post=21"}],"version-history":[{"count":13,"href":"http:\/\/www.avukatlik-burosu.com\/fr\/wp-json\/wp\/v2\/pages\/21\/revisions"}],"predecessor-version":[{"id":353,"href":"http:\/\/www.avukatlik-burosu.com\/fr\/wp-json\/wp\/v2\/pages\/21\/revisions\/353"}],"wp:attachment":[{"href":"http:\/\/www.avukatlik-burosu.com\/fr\/wp-json\/wp\/v2\/media?parent=21"}],"curies":[{"name":"wp","href":"https:\/\/api.w.org\/{rel}","templated":true}]}}