{"id":95,"date":"2018-02-20T12:36:19","date_gmt":"2018-02-20T09:36:19","guid":{"rendered":"http:\/\/www.avukatlik-burosu.com\/?page_id=95"},"modified":"2024-02-14T16:31:16","modified_gmt":"2024-02-14T13:31:16","slug":"av-arda-ozen","status":"publish","type":"page","link":"http:\/\/www.avukatlik-burosu.com\/en\/av-arda-ozen\/","title":{"rendered":"Arb. Av. Arda \u00d6zen, LLM"},"content":{"rendered":"<p>Arda \u00d6zen, who was born in 1984, graduated from Ankara Atat\u00fcrk High school in 2002 and graduated from Ba\u015fkent University Faculty of Law. He completed his internship in 2008 and begin to work in our Office as a lawyer. He got his master degree from Ankara University, Institute of Social Sciences, Department of Commercial Law (thesis topic &#8220;Protection of Creditors in Mergers&#8221;), in 2010. He has also Certificate of the Institute of Patent, Trademark and Patent Attorney and he is fluent in English.<\/p>\n<p><img loading=\"lazy\" decoding=\"async\" class=\"alignnone wp-image-287\" src=\"http:\/\/www.avukatlik-burosu.com\/wp-content\/uploads\/emailIcon-150x150.png\" alt=\"\" width=\"25\" height=\"25\" srcset=\"http:\/\/www.avukatlik-burosu.com\/wp-content\/uploads\/emailIcon-150x150.png 150w, http:\/\/www.avukatlik-burosu.com\/wp-content\/uploads\/emailIcon-80x80.png 80w, http:\/\/www.avukatlik-burosu.com\/wp-content\/uploads\/emailIcon.png 200w\" sizes=\"(max-width: 25px) 100vw, 25px\" \/>\u00a0\u00a0<a href=\"mailto:arda@avukatlik-burosu.com\">arda@avukatlik-burosu.com<\/a><\/p>","protected":false},"excerpt":{"rendered":"<p>Arda \u00d6zen, who was born in 1984, graduated from Ankara Atat\u00fcrk High school in 2002 and graduated from Ba\u015fkent University Faculty of Law. He completed his internship in 2008 and begin to work in our Office as a lawyer. He got his master degree from <span class=\"more-button\"><a class=\"button-minimal\" href=\"http:\/\/www.avukatlik-burosu.com\/en\/av-arda-ozen\/\">Read More &#8230; <\/a><\/span><\/p>\n","protected":false},"author":2,"featured_media":131,"parent":0,"menu_order":0,"comment_status":"closed","ping_status":"closed","template":"","meta":{"footnotes":""},"_links":{"self":[{"href":"http:\/\/www.avukatlik-burosu.com\/en\/wp-json\/wp\/v2\/pages\/95"}],"collection":[{"href":"http:\/\/www.avukatlik-burosu.com\/en\/wp-json\/wp\/v2\/pages"}],"about":[{"href":"http:\/\/www.avukatlik-burosu.com\/en\/wp-json\/wp\/v2\/types\/page"}],"author":[{"embeddable":true,"href":"http:\/\/www.avukatlik-burosu.com\/en\/wp-json\/wp\/v2\/users\/2"}],"replies":[{"embeddable":true,"href":"http:\/\/www.avukatlik-burosu.com\/en\/wp-json\/wp\/v2\/comments?post=95"}],"version-history":[{"count":14,"href":"http:\/\/www.avukatlik-burosu.com\/en\/wp-json\/wp\/v2\/pages\/95\/revisions"}],"predecessor-version":[{"id":354,"href":"http:\/\/www.avukatlik-burosu.com\/en\/wp-json\/wp\/v2\/pages\/95\/revisions\/354"}],"wp:featuredmedia":[{"embeddable":true,"href":"http:\/\/www.avukatlik-burosu.com\/en\/wp-json\/wp\/v2\/media\/131"}],"wp:attachment":[{"href":"http:\/\/www.avukatlik-burosu.com\/en\/wp-json\/wp\/v2\/media?parent=95"}],"curies":[{"name":"wp","href":"https:\/\/api.w.org\/{rel}","templated":true}]}}