{"id":223,"date":"2018-02-21T10:29:25","date_gmt":"2018-02-21T08:29:25","guid":{"rendered":"http:\/\/www.avukatlik-burosu.com\/?page_id=223"},"modified":"2024-02-14T17:10:31","modified_gmt":"2024-02-14T14:10:31","slug":"kullanim-kosullari","status":"publish","type":"page","link":"http:\/\/www.avukatlik-burosu.com\/en\/kullanim-kosullari\/","title":{"rendered":"Kullan\u0131m Ko\u015fullar\u0131"},"content":{"rendered":"<h5>Say\u0131n Ziyaret\u00e7iler,<\/h5>\n<p>Bu internet sitesinde bulunan her t\u00fcrl\u00fc bilgi ve materyal \u00d6zen &amp; \u00c7eltikci Avukatl\u0131k B\u00fcrosu taraf\u0131ndan bilgilendirme amac\u0131yla haz\u0131rlanm\u0131\u015f olup hukuki tavsiye niteli\u011finde de\u011fildir. D\u00f6k\u00fcmanlar genel bir rehber olarak de\u011ferlendirilmeli ve profesyonel dan\u0131\u015fmanl\u0131k gibi kullan\u0131lmamal\u0131d\u0131r.<\/p>\n<h5>Ziyaret ve Kullan\u0131m Kurallar\u0131:<\/h5>\n<ol>\n<li>1136 say\u0131l\u0131 yasa gere\u011fi avukatlar\u0131n reklam faaliyetlerinde bulunmalar\u0131 yasaklanm\u0131\u015f olup bu internet sitesinin amac\u0131 bilgi ortam\u0131 ve payla\u015f\u0131m\u0131 sa\u011flamakt\u0131r. Bu site; reklam, i\u015f geli\u015ftirme ve benzeri ama\u00e7lar i\u00e7in kullan\u0131lamaz. Bu internet sitesine giren ziyaret\u00e7iler, Ziyaret ve Kullan\u0131m Kurallar\u0131 ko\u015fullar\u0131na uymay\u0131 taahh\u00fct eder.<\/li>\n<li>Bu internet sitesindeki t\u00fcm dosya, bilgi, materyal, resim ve ilgili fikri haklar \u00d6zen &amp; \u00c7eltikci Avukatl\u0131k B\u00fcrosu&#8217;na ait olup \u00d6zen &amp; \u00c7eltikci Avukatl\u0131k B\u00fcrosu&#8217;nun yaz\u0131l\u0131 onay olmad\u0131k\u00e7a kopyalanamaz ve kullan\u0131lamaz.<\/li>\n<li>\u00d6zen &amp; \u00c7eltikci Avukatl\u0131k B\u00fcrosunun yaz\u0131l\u0131 izni olmadan bu siteye ba\u011flant\u0131 kurulamaz<\/li>\n<li>\u00d6zen &amp; \u00c7eltikci Avukatl\u0131k B\u00fcrosunun bu sitesine ba\u011flant\u0131l\u0131 bir ba\u015fka web sitesinde yer alan bilgi veya yaz\u0131l\u0131m\u0131n y\u00fcklenmesinden dolay\u0131 herhangi bir sorumluluk kabul edilmez.<\/li>\n<li>Bu web sitesinin herhangi bir zamanda g\u00fcncellenmesi de\u011fi\u015ftirilmesi ve kapat\u0131lmas\u0131 ile ilgili her hakk\u0131 sakl\u0131 olup \u00d6zen &amp; \u00c7eltikci Avukatl\u0131k B\u00fcrosuna aittir.<\/li>\n<li>Y\u00f6netim politikam\u0131z gere\u011fi d\u00f6k\u00fcman ve dosyalar \u00fczerinde web sitesine yerle\u015ftirilmeden \u00f6nce vir\u00fcs taramas\u0131 yap\u0131lmakta ancak bu web sitesinden y\u00fcklenecek d\u00f6k\u00fcman ve dosyalar\u0131n vir\u00fcs korumal\u0131 olaca\u011f\u0131 garanti edilmemekte ve bu durumdan kaynaklanacak herhangi bir zarar ve kay\u0131pla ilgili sorumluluk kabul edilmemektedir.<\/li>\n<li>Bu sayfada bulunan bilgilerin herhangi bir \u015fekilde kullan\u0131m\u0131 ya da taraf\u0131m\u0131za fax veya e-mail yolu ile bilgi ula\u015ft\u0131r\u0131lmas\u0131 hi\u00e7bir \u015fekilde b\u00fcronun varolan m\u00fcvekkilleri ile benzer \u015fekilde bir avukat-m\u00fcvekkil ili\u015fkisi olu\u015fturmayacakt\u0131r. Bu internet sitesinde bulunan bilgilerin tamam\u0131 sadece ki\u015fisel ve gayri ticari ama\u00e7larla da\u011f\u0131t\u0131lmaktad\u0131r. Ziyaret\u00e7iler bilgilerin yanl\u0131\u015f oldu\u011funu veya kendilerinin bu bilgiler sebebiyle bir zarara u\u011frad\u0131klar\u0131n\u0131 iddia edemezler. \u00d6zen &amp; \u00c7eltikci Avukatl\u0131k B\u00fcrosu, bu internet sitesinde sunulan bilginin i\u00e7eri\u011fi ya da ziyaret\u00e7ilerin bu internet sitesine dayanarak ger\u00e7ekle\u015ftirdi\u011fi hareketlerden sorumluluk kabul etmemektedir.<\/li>\n<li>Bu yasal uyar\u0131lar ve bu web sitesi ile ilgili her t\u00fcrl\u00fc hususta T\u00fcrk Hukuk Mevzuat\u0131 uygulan\u0131r..<\/li>\n<\/ol>\n<p>\u00d6zen &amp; \u00c7eltikci Avukatl\u0131k B\u00fcrosu ve Marka Patent Vekilli\u011fi<\/p>\n","protected":false},"excerpt":{"rendered":"<p>Say\u0131n Ziyaret\u00e7iler, Bu internet sitesinde bulunan her t\u00fcrl\u00fc bilgi ve materyal \u00d6zen &amp; \u00c7eltikci Avukatl\u0131k B\u00fcrosu taraf\u0131ndan bilgilendirme amac\u0131yla haz\u0131rlanm\u0131\u015f olup hukuki tavsiye niteli\u011finde de\u011fildir. D\u00f6k\u00fcmanlar genel bir rehber olarak de\u011ferlendirilmeli ve profesyonel dan\u0131\u015fmanl\u0131k gibi kullan\u0131lmamal\u0131d\u0131r. Ziyaret ve Kullan\u0131m Kurallar\u0131: 1136 say\u0131l\u0131 yasa gere\u011fi avukatlar\u0131n <span class=\"more-button\"><a class=\"button-minimal\" href=\"http:\/\/www.avukatlik-burosu.com\/en\/kullanim-kosullari\/\">Read More &#8230; <\/a><\/span><\/p>\n","protected":false},"author":2,"featured_media":225,"parent":0,"menu_order":0,"comment_status":"closed","ping_status":"closed","template":"","meta":{"footnotes":""},"_links":{"self":[{"href":"http:\/\/www.avukatlik-burosu.com\/en\/wp-json\/wp\/v2\/pages\/223"}],"collection":[{"href":"http:\/\/www.avukatlik-burosu.com\/en\/wp-json\/wp\/v2\/pages"}],"about":[{"href":"http:\/\/www.avukatlik-burosu.com\/en\/wp-json\/wp\/v2\/types\/page"}],"author":[{"embeddable":true,"href":"http:\/\/www.avukatlik-burosu.com\/en\/wp-json\/wp\/v2\/users\/2"}],"replies":[{"embeddable":true,"href":"http:\/\/www.avukatlik-burosu.com\/en\/wp-json\/wp\/v2\/comments?post=223"}],"version-history":[{"count":4,"href":"http:\/\/www.avukatlik-burosu.com\/en\/wp-json\/wp\/v2\/pages\/223\/revisions"}],"predecessor-version":[{"id":369,"href":"http:\/\/www.avukatlik-burosu.com\/en\/wp-json\/wp\/v2\/pages\/223\/revisions\/369"}],"wp:featuredmedia":[{"embeddable":true,"href":"http:\/\/www.avukatlik-burosu.com\/en\/wp-json\/wp\/v2\/media\/225"}],"wp:attachment":[{"href":"http:\/\/www.avukatlik-burosu.com\/en\/wp-json\/wp\/v2\/media?parent=223"}],"curies":[{"name":"wp","href":"https:\/\/api.w.org\/{rel}","templated":true}]}}