{"id":176,"date":"2018-02-20T20:42:05","date_gmt":"2018-02-20T18:42:05","guid":{"rendered":"http:\/\/www.avukatlik-burosu.com\/?page_id=176"},"modified":"2024-02-14T17:59:39","modified_gmt":"2024-02-14T14:59:39","slug":"vekaletler-ve-hesap-numaralari","status":"publish","type":"page","link":"http:\/\/www.avukatlik-burosu.com\/en\/vekaletler-ve-hesap-numaralari\/","title":{"rendered":"Sample Documents &#038; Bank Accounts"},"content":{"rendered":"<p>If you would like to work with \u00d6zen &amp; \u00c7eltikci Attorneys at Law you will need to prepare the following documents.<\/p>\n\n\n\n<figure class=\"wp-block-table\"><table><tbody><tr><td><a href=\"\/ornek_markapatent_vekaleti.doc\"><img loading=\"lazy\" decoding=\"async\" class=\"wp-image-178 alignnone\" src=\"http:\/\/www.avukatlik-burosu.com\/wp-content\/uploads\/Microsoft-support3-300x300-150x150.png\" alt=\"\" width=\"53\" height=\"53\" srcset=\"http:\/\/www.avukatlik-burosu.com\/wp-content\/uploads\/Microsoft-support3-300x300-150x150.png 150w, http:\/\/www.avukatlik-burosu.com\/wp-content\/uploads\/Microsoft-support3-300x300-80x80.png 80w, http:\/\/www.avukatlik-burosu.com\/wp-content\/uploads\/Microsoft-support3-300x300.png 300w\" sizes=\"(max-width: 53px) 100vw, 53px\" \/><\/a><\/td><td><a href=\"\/ornek_sahis_vekaleti.doc\"><img loading=\"lazy\" decoding=\"async\" class=\"wp-image-178 alignnone\" src=\"http:\/\/www.avukatlik-burosu.com\/wp-content\/uploads\/Microsoft-support3-300x300-150x150.png\" alt=\"\" width=\"53\" height=\"53\" srcset=\"http:\/\/www.avukatlik-burosu.com\/wp-content\/uploads\/Microsoft-support3-300x300-150x150.png 150w, http:\/\/www.avukatlik-burosu.com\/wp-content\/uploads\/Microsoft-support3-300x300-80x80.png 80w, http:\/\/www.avukatlik-burosu.com\/wp-content\/uploads\/Microsoft-support3-300x300.png 300w\" sizes=\"(max-width: 53px) 100vw, 53px\" \/><\/a><\/td><td><a href=\"\/ornek_sirket_vekaleti.doc\"><img loading=\"lazy\" decoding=\"async\" class=\"wp-image-178 alignnone\" src=\"http:\/\/www.avukatlik-burosu.com\/wp-content\/uploads\/Microsoft-support3-300x300-150x150.png\" alt=\"\" width=\"53\" height=\"53\" srcset=\"http:\/\/www.avukatlik-burosu.com\/wp-content\/uploads\/Microsoft-support3-300x300-150x150.png 150w, http:\/\/www.avukatlik-burosu.com\/wp-content\/uploads\/Microsoft-support3-300x300-80x80.png 80w, http:\/\/www.avukatlik-burosu.com\/wp-content\/uploads\/Microsoft-support3-300x300.png 300w\" sizes=\"(max-width: 53px) 100vw, 53px\" \/><\/a><\/td><\/tr><tr><td>\n<h4>Power of Attorney (Brand and Patent)<\/h4>\n<\/td><td>\n<h4>Power of Attorney (Natural Person)<\/h4>\n<\/td><td>\n<h4>Power of Attorney (Legal Person)<\/h4>\n<\/td><\/tr><\/tbody><\/table><\/figure>\n\n\n\n<p><em>Click &#8220;W&#8221; icon to download.<\/em><\/p>\n\n\n\n<h4 class=\"wp-block-heading\">Bank Accounts<\/h4>\n\n\n\n<figure class=\"wp-block-table\"><table><tbody><tr><td>GARANT\u0130 BANKASI<\/td><td>&nbsp;<\/td><\/tr><tr><td>TL | HESAP B\u0130LG\u0130LER\u0130<\/td><td>&nbsp;<\/td><\/tr><tr><td>HESAP NO.<\/td><td>IBAN<\/td><\/tr><tr><td>130-6610445<\/td><td>TR96 0006 2000 1300 0006 6104 45<\/td><\/tr><tr><td>130-6610668<\/td><td>TR89 0006 2000 1300 0006 6106 68<\/td><\/tr><\/tbody><\/table><\/figure>\n\n\n\n<figure class=\"wp-block-table\"><table><tbody><tr><td>GARANT\u0130 BANKASI<\/td><td>&nbsp;<\/td><\/tr><tr><td>D\u00d6V\u0130Z | HESAP B\u0130LG\u0130LER\u0130<\/td><td>&nbsp;<\/td><\/tr><tr><td>HESAP NO.<\/td><td>IBAN<\/td><\/tr><tr><td>$ 130-9095221<\/td><td>TR30 0006 2000 1300 0009 0952 21<\/td><\/tr><tr><td>\u20ac 130-9095491<\/td><td>TR15 0006 2000 1300 0009 0954 91<\/td><\/tr><\/tbody><\/table><\/figure>\n\n\n\n<figure class=\"wp-block-table\"><table><tbody><tr><td>T. \u0130\u015e BANKASI<\/td><td>&nbsp;<\/td><\/tr><tr><td>TL | HESAP B\u0130LG\u0130LER\u0130<\/td><td>&nbsp;<\/td><\/tr><tr><td>HESAP NO.<\/td><td>IBAN<\/td><\/tr><tr><td>4222 &#8211; 0257275<\/td><td>TR61 0006 4000 0014 2220 2572 75<\/td><\/tr><tr><td>&nbsp;<\/td><td>&nbsp;<\/td><\/tr><\/tbody><\/table><\/figure>\n\n\n\n<figure class=\"wp-block-table\"><table><tbody><tr><td>T. \u0130\u015e BANKASI<\/td><td>&nbsp;<\/td><\/tr><tr><td>D\u00d6V\u0130Z | HESAP B\u0130LG\u0130LER\u0130<\/td><td>&nbsp;<\/td><\/tr><tr><td>HESAP NO.<\/td><td>IBAN<\/td><\/tr><tr><td>$ 4222 &#8211; 0371252<\/td><td>TR66 0006 4000 0024 2220 3712 52<\/td><\/tr><tr><td>\u20ac 4299 &#8211; 2251168<\/td><td>TR18 0006 4000 0024 2992 2511 68<\/td><\/tr><\/tbody><\/table><\/figure>\n\n\n\n<p><\/p>\n\n\n\n<p><\/p>","protected":false},"excerpt":{"rendered":"<p>If you would like to work with \u00d6zen &amp; \u00c7eltikci Attorneys at Law you will need to prepare the following documents. Power of Attorney (Brand and Patent) Power of Attorney (Natural Person) Power of Attorney (Legal Person) Click &#8220;W&#8221; icon to download. Bank Accounts GARANT\u0130 <span class=\"more-button\"><a class=\"button-minimal\" href=\"http:\/\/www.avukatlik-burosu.com\/en\/vekaletler-ve-hesap-numaralari\/\">Read More &#8230; <\/a><\/span><\/p>\n","protected":false},"author":2,"featured_media":0,"parent":0,"menu_order":0,"comment_status":"closed","ping_status":"closed","template":"","meta":{"footnotes":""},"_links":{"self":[{"href":"http:\/\/www.avukatlik-burosu.com\/en\/wp-json\/wp\/v2\/pages\/176"}],"collection":[{"href":"http:\/\/www.avukatlik-burosu.com\/en\/wp-json\/wp\/v2\/pages"}],"about":[{"href":"http:\/\/www.avukatlik-burosu.com\/en\/wp-json\/wp\/v2\/types\/page"}],"author":[{"embeddable":true,"href":"http:\/\/www.avukatlik-burosu.com\/en\/wp-json\/wp\/v2\/users\/2"}],"replies":[{"embeddable":true,"href":"http:\/\/www.avukatlik-burosu.com\/en\/wp-json\/wp\/v2\/comments?post=176"}],"version-history":[{"count":18,"href":"http:\/\/www.avukatlik-burosu.com\/en\/wp-json\/wp\/v2\/pages\/176\/revisions"}],"predecessor-version":[{"id":387,"href":"http:\/\/www.avukatlik-burosu.com\/en\/wp-json\/wp\/v2\/pages\/176\/revisions\/387"}],"wp:attachment":[{"href":"http:\/\/www.avukatlik-burosu.com\/en\/wp-json\/wp\/v2\/media?parent=176"}],"curies":[{"name":"wp","href":"https:\/\/api.w.org\/{rel}","templated":true}]}}